{"id":9784,"date":"2013-05-31T11:57:37","date_gmt":"2013-05-31T08:57:37","guid":{"rendered":"http:\/\/dekamuhendislik.com.tr\/hakkimizda\/"},"modified":"2021-03-29T14:22:57","modified_gmt":"2021-03-29T11:22:57","slug":"about-us","status":"publish","type":"page","link":"https:\/\/dekamuhendislik.com.tr\/en\/about-us\/","title":{"rendered":"About Us"},"content":{"rendered":"<section class=\"l-section wpb_row height_auto width_full\"><div class=\"l-section-h i-cf\"><div class=\"g-cols vc_row type_default valign_top\"><div class=\"vc_col-sm-12 wpb_column vc_column_container\"><div class=\"vc_column-inner\"><div class=\"wpb_wrapper\"><style data-type=\"us_custom-css\">.pages-title {\r\n    display: flex;\r\n    align-items: center;\r\n}<\/style><section class=\"l-section wpb_row us_custom_a387ea81 height_auto width_full pages-title\"><div class=\"l-section-h i-cf\"><div class=\"g-cols vc_row type_default valign_top\"><div class=\"vc_col-sm-12 wpb_column vc_column_container\"><div class=\"vc_column-inner\"><div class=\"wpb_wrapper\"><div class=\"w-hwrapper us_custom_ea15b364 align_justify valign_middle\"><h1 class=\"w-post-elm post_title us_custom_420697cc entry-title color_link_inherit\">About Us<\/h1><ol class=\"g-breadcrumbs us_custom_17e0ccaa separator_icon align_left has_text_color\" itemscope itemtype=\"http:\/\/schema.org\/BreadcrumbList\"><li class=\"g-breadcrumbs-item\" itemprop=\"itemListElement\" itemscope itemtype=\"http:\/\/schema.org\/ListItem\"><a itemprop=\"item\" href=\"https:\/\/dekamuhendislik.com.tr\/en\/\"><span itemprop=\"name\">Ana Sayfa<\/span><\/a><meta itemprop=\"position\" content=\"1\"\/><\/li><li class=\"g-breadcrumbs-separator\"><i class=\"far fa-angle-right\"><\/i><\/li><li class=\"g-breadcrumbs-item\">Pages<\/li><\/ol><\/div><\/div><\/div><\/div><\/div><\/div><\/section>\n<\/div><\/div><\/div><\/div><\/div><\/section><section class=\"l-section wpb_row height_custom\"><div class=\"l-section-h i-cf\"><div class=\"g-cols vc_row type_default valign_top\"><div class=\"vc_col-sm-5 wpb_column vc_column_container\"><div class=\"vc_column-inner\"><div class=\"wpb_wrapper\"><div class=\"wpb_text_column\" ><div class=\"wpb_wrapper\"><h3>Deka M\u00fchendislik<\/h3>\n<\/div><\/div><div class=\"w-separator size_small\"><\/div><div class=\"wpb_text_column\" ><div class=\"wpb_wrapper\"><p>Ba\u015far\u0131s\u0131n\u0131 \u00e7ok \u00e7al\u0131\u015fmaktan ve do\u011fru m\u00fchendislik \u00e7\u00f6z\u00fcmlerini m\u00fc\u015fterilerine sunmas\u0131ndan elde etti.<\/p>\n<\/div><\/div><\/div><\/div><\/div><div class=\"vc_col-sm-1 wpb_column vc_column_container\"><div class=\"vc_column-inner\"><div class=\"wpb_wrapper\"><\/div><\/div><\/div><div class=\"vc_col-sm-2 wpb_column vc_column_container\"><div class=\"vc_column-inner\"><div class=\"wpb_wrapper\"><div class=\"w-counter us_custom_e9597feb color_custom align_left has_text_color\" data-duration=\"2000\"><div class=\"w-counter-value\" style=\"color:#0d2f62;\"><span class=\"w-counter-value-part type_text\" data-final=\"\"><\/span><span class=\"w-counter-value-part type_number\" data-final=\"16\">1<\/span><span class=\"w-counter-value-part type_text\" data-final=\"\"><\/span><\/div><p class=\"w-counter-title\" style=\"font-size:21px;\"><b>Y\u0131ll\u0131k Tecr\u00fcbe<\/b><\/p><\/div><\/div><\/div><\/div><div class=\"vc_col-sm-2 wpb_column vc_column_container\"><div class=\"vc_column-inner\"><div class=\"wpb_wrapper\"><div class=\"w-counter us_custom_e9597feb color_custom align_left has_text_color\" data-duration=\"2000\"><div class=\"w-counter-value\" style=\"color:#0d2f62;\"><span class=\"w-counter-value-part type_text\" data-final=\"\"><\/span><span class=\"w-counter-value-part type_number\" data-final=\"277\">1<\/span><span class=\"w-counter-value-part type_text\" data-final=\"\"><\/span><\/div><p class=\"w-counter-title\" style=\"font-size:21px;\"><b>Ba\u015far\u0131l\u0131 Proje<\/b><\/p><\/div><\/div><\/div><\/div><div class=\"vc_col-sm-2 wpb_column vc_column_container\"><div class=\"vc_column-inner\"><div class=\"wpb_wrapper\"><div class=\"w-counter us_custom_e9597feb color_custom align_left has_text_color\" data-duration=\"2000\"><div class=\"w-counter-value\" style=\"color:#0d2f62;\"><span class=\"w-counter-value-part type_text\" data-final=\"\"><\/span><span class=\"w-counter-value-part type_number\" data-final=\"300\">1<\/span><span class=\"w-counter-value-part type_text\" data-final=\"+\">+<\/span><\/div><p class=\"w-counter-title\" style=\"font-size:21px;\"><b>Mutlu M\u00fc\u015fteri<\/b><\/p><\/div><\/div><\/div><\/div><\/div><\/div><\/section><section class=\"l-section wpb_row us_custom_7b0faed3 height_auto\"><div class=\"l-section-h i-cf\"><div class=\"g-cols vc_row type_default valign_top\"><div class=\"vc_col-sm-6 wpb_column vc_column_container\"><div class=\"vc_column-inner\"><div class=\"wpb_wrapper\"><div class=\"w-image align_none\"><div class=\"w-image-h\"><img loading=\"lazy\" decoding=\"async\" width=\"1024\" height=\"683\" src=\"https:\/\/dekamuhendislik.com.tr\/wp-content\/uploads\/2019\/07\/us-placeholder-landscape-1024x683.jpg\" class=\"attachment-large size-large\" alt=\"\" srcset=\"https:\/\/dekamuhendislik.com.tr\/wp-content\/uploads\/2019\/07\/us-placeholder-landscape-1024x683.jpg 1024w, https:\/\/dekamuhendislik.com.tr\/wp-content\/uploads\/2019\/07\/us-placeholder-landscape-300x200.jpg 300w, https:\/\/dekamuhendislik.com.tr\/wp-content\/uploads\/2019\/07\/us-placeholder-landscape-1536x1024.jpg 1536w, https:\/\/dekamuhendislik.com.tr\/wp-content\/uploads\/2019\/07\/us-placeholder-landscape.jpg 1800w\" sizes=\"auto, (max-width: 1024px) 100vw, 1024px\" \/><\/div><\/div><\/div><\/div><\/div><div class=\"vc_col-sm-6 wpb_column vc_column_container\"><div class=\"vc_column-inner\"><div class=\"wpb_wrapper\"><div class=\"wpb_text_column us_custom_3ebdcd41\" ><div class=\"wpb_wrapper\"><div class=\"content\">\n<p>2004 y\u0131l\u0131nda faaliyete ba\u015flayarak, yang\u0131n g\u00fcvenlik sekt\u00f6r\u00fcnde teknik bilginin ve tecr\u00fcbenin uygulamaya aktar\u0131lmas\u0131 konusundaki ihtiya\u00e7lar\u0131n\u0131 gidermi\u015ftir.<\/p>\n<p>yurti\u00e7i ve yurt d\u0131\u015f\u0131 projelerde k\u0131sa s\u00fcrede yer alarak, kendini ispatlad\u0131 ve hak etti\u011fi yere \u00e7ok k\u0131sa bir s\u00fcrede ula\u015ft\u0131.<\/p>\n<\/div>\n<\/div><\/div><\/div><\/div><\/div><\/div><\/div><\/section><section class=\"l-section wpb_row us_custom_532377d0 height_custom\" id=\"clients\"><div class=\"l-section-h i-cf\"><div class=\"g-cols vc_row type_default valign_top\"><div class=\"vc_col-sm-12 wpb_column vc_column_container\"><div class=\"vc_column-inner\"><div class=\"wpb_wrapper\"><div class=\"wpb_text_column us_custom_48eb4364\" ><div class=\"wpb_wrapper\"><p style=\"text-align: center;\">Firmam\u0131zdan G\u00f6r\u00fcnt\u00fcler<\/p>\n<\/div><\/div><div class=\"w-separator size_medium\"><\/div><div class=\"w-grid type_carousel layout_gallery_default valign_center\" id=\"us_grid_1\" data-grid-filter=\"false\"><style id=\"us_grid_1_css\">#us_grid_1 .owl-nav div{font-size:4rem}#us_grid_1 .w-grid-item{padding:1.5rem}#us_grid_1 .w-grid-list{margin:-1.5rem}.w-grid + #us_grid_1 .w-grid-list{margin-top:1.5rem}<\/style><style>.layout_gallery_default .w-grid-item-h{}<\/style><div class=\"w-grid-list owl-carousel navstyle_circle navpos_inside with_dots\" ><article class=\"w-grid-item post-8759 attachment type-attachment status-inherit hentry\" data-id=\"8759\">\r\n\t<div class=\"w-grid-item-h\">\r\n\t\t\t\t<div class=\"w-post-elm post_image usg_post_image_1 stretched\"><img loading=\"lazy\" decoding=\"async\" width=\"1909\" height=\"956\" src=\"https:\/\/dekamuhendislik.com.tr\/wp-content\/uploads\/2021\/03\/deka-mobile-model.jpg\" class=\"attachment-us_600_600_crop size-us_600_600_crop\" alt=\"\" srcset=\"https:\/\/dekamuhendislik.com.tr\/wp-content\/uploads\/2021\/03\/deka-mobile-model.jpg 1909w, https:\/\/dekamuhendislik.com.tr\/wp-content\/uploads\/2021\/03\/deka-mobile-model-300x150.jpg 300w, https:\/\/dekamuhendislik.com.tr\/wp-content\/uploads\/2021\/03\/deka-mobile-model-1024x513.jpg 1024w, https:\/\/dekamuhendislik.com.tr\/wp-content\/uploads\/2021\/03\/deka-mobile-model-1536x769.jpg 1536w, https:\/\/dekamuhendislik.com.tr\/wp-content\/uploads\/2021\/03\/deka-mobile-model-262x131.jpg 262w\" sizes=\"auto, (max-width: 1909px) 100vw, 1909px\" \/><\/div>\t<\/div>\r\n<\/article>\r\n<article class=\"w-grid-item post-8758 attachment type-attachment status-inherit hentry\" data-id=\"8758\">\r\n\t<div class=\"w-grid-item-h\">\r\n\t\t\t\t<div class=\"w-post-elm post_image usg_post_image_1 stretched\"><img loading=\"lazy\" decoding=\"async\" width=\"1800\" height=\"1029\" src=\"https:\/\/dekamuhendislik.com.tr\/wp-content\/uploads\/2021\/03\/plans-house-bg.jpg\" class=\"attachment-us_600_600_crop size-us_600_600_crop\" alt=\"\" srcset=\"https:\/\/dekamuhendislik.com.tr\/wp-content\/uploads\/2021\/03\/plans-house-bg.jpg 1800w, https:\/\/dekamuhendislik.com.tr\/wp-content\/uploads\/2021\/03\/plans-house-bg-300x172.jpg 300w, https:\/\/dekamuhendislik.com.tr\/wp-content\/uploads\/2021\/03\/plans-house-bg-1024x585.jpg 1024w, https:\/\/dekamuhendislik.com.tr\/wp-content\/uploads\/2021\/03\/plans-house-bg-1536x878.jpg 1536w, https:\/\/dekamuhendislik.com.tr\/wp-content\/uploads\/2021\/03\/plans-house-bg-262x151.jpg 262w\" sizes=\"auto, (max-width: 1800px) 100vw, 1800px\" \/><\/div>\t<\/div>\r\n<\/article>\r\n<article class=\"w-grid-item post-8755 attachment type-attachment status-inherit hentry\" data-id=\"8755\">\r\n\t<div class=\"w-grid-item-h\">\r\n\t\t\t\t<div class=\"w-post-elm post_image usg_post_image_1 stretched\"><img loading=\"lazy\" decoding=\"async\" width=\"1920\" height=\"1280\" src=\"https:\/\/dekamuhendislik.com.tr\/wp-content\/uploads\/2021\/03\/mt-sample-background.jpg\" class=\"attachment-us_600_600_crop size-us_600_600_crop\" alt=\"\" srcset=\"https:\/\/dekamuhendislik.com.tr\/wp-content\/uploads\/2021\/03\/mt-sample-background.jpg 1920w, https:\/\/dekamuhendislik.com.tr\/wp-content\/uploads\/2021\/03\/mt-sample-background-300x200.jpg 300w, https:\/\/dekamuhendislik.com.tr\/wp-content\/uploads\/2021\/03\/mt-sample-background-1024x683.jpg 1024w, https:\/\/dekamuhendislik.com.tr\/wp-content\/uploads\/2021\/03\/mt-sample-background-1536x1024.jpg 1536w, https:\/\/dekamuhendislik.com.tr\/wp-content\/uploads\/2021\/03\/mt-sample-background-227x151.jpg 227w\" sizes=\"auto, (max-width: 1920px) 100vw, 1920px\" \/><\/div>\t<\/div>\r\n<\/article>\r\n<article class=\"w-grid-item post-8754 attachment type-attachment status-inherit hentry\" data-id=\"8754\">\r\n\t<div class=\"w-grid-item-h\">\r\n\t\t\t\t<div class=\"w-post-elm post_image usg_post_image_1 stretched\"><img loading=\"lazy\" decoding=\"async\" width=\"1200\" height=\"1200\" src=\"https:\/\/dekamuhendislik.com.tr\/wp-content\/uploads\/2019\/08\/us-placeholder-square.jpg\" class=\"attachment-us_600_600_crop size-us_600_600_crop\" alt=\"\" srcset=\"https:\/\/dekamuhendislik.com.tr\/wp-content\/uploads\/2019\/08\/us-placeholder-square.jpg 1200w, https:\/\/dekamuhendislik.com.tr\/wp-content\/uploads\/2019\/08\/us-placeholder-square-300x300.jpg 300w, https:\/\/dekamuhendislik.com.tr\/wp-content\/uploads\/2019\/08\/us-placeholder-square-1024x1024.jpg 1024w, https:\/\/dekamuhendislik.com.tr\/wp-content\/uploads\/2019\/08\/us-placeholder-square-150x150.jpg 150w\" sizes=\"auto, (max-width: 1200px) 100vw, 1200px\" \/><\/div>\t<\/div>\r\n<\/article>\r\n<article class=\"w-grid-item post-8753 attachment type-attachment status-inherit hentry\" data-id=\"8753\">\r\n\t<div class=\"w-grid-item-h\">\r\n\t\t\t\t<div class=\"w-post-elm post_image usg_post_image_1 stretched\"><img loading=\"lazy\" decoding=\"async\" width=\"1800\" height=\"1200\" src=\"https:\/\/dekamuhendislik.com.tr\/wp-content\/uploads\/2019\/07\/us-placeholder-landscape.jpg\" class=\"attachment-us_600_600_crop size-us_600_600_crop\" alt=\"\" srcset=\"https:\/\/dekamuhendislik.com.tr\/wp-content\/uploads\/2019\/07\/us-placeholder-landscape.jpg 1800w, https:\/\/dekamuhendislik.com.tr\/wp-content\/uploads\/2019\/07\/us-placeholder-landscape-300x200.jpg 300w, https:\/\/dekamuhendislik.com.tr\/wp-content\/uploads\/2019\/07\/us-placeholder-landscape-1024x683.jpg 1024w, https:\/\/dekamuhendislik.com.tr\/wp-content\/uploads\/2019\/07\/us-placeholder-landscape-1536x1024.jpg 1536w\" sizes=\"auto, (max-width: 1800px) 100vw, 1800px\" \/><\/div>\t<\/div>\r\n<\/article>\r\n<\/div><div class=\"g-preloader type_1\">\r\n\t<div><\/div>\r\n<\/div>\r\n\t<div class=\"w-grid-json hidden\" onclick='return {&quot;action&quot;:&quot;us_ajax_grid&quot;,&quot;ajax_url&quot;:&quot;https:\\\/\\\/dekamuhendislik.com.tr\\\/wp-admin\\\/admin-ajax.php&quot;,&quot;infinite_scroll&quot;:0,&quot;max_num_pages&quot;:1,&quot;pagination&quot;:&quot;none&quot;,&quot;permalink_url&quot;:&quot;https:\\\/\\\/dekamuhendislik.com.tr\\\/en\\\/wp-json\\\/wp\\\/v2\\\/pages\\\/9784\\\/&quot;,&quot;template_vars&quot;:{&quot;columns&quot;:&quot;2&quot;,&quot;exclude_items&quot;:&quot;none&quot;,&quot;img_size&quot;:&quot;default&quot;,&quot;ignore_items_size&quot;:false,&quot;items_layout&quot;:&quot;gallery_default&quot;,&quot;items_offset&quot;:&quot;1&quot;,&quot;overriding_link&quot;:&quot;none&quot;,&quot;post_id&quot;:9784,&quot;query_args&quot;:{&quot;post_type&quot;:[&quot;attachment&quot;],&quot;post__in&quot;:[&quot;6922&quot;,&quot;7070&quot;,&quot;7825&quot;,&quot;7902&quot;,&quot;7903&quot;],&quot;post_status&quot;:&quot;inherit&quot;,&quot;post_mime_type&quot;:&quot;image&quot;,&quot;orderby&quot;:{&quot;date&quot;:&quot;DESC&quot;},&quot;posts_per_page&quot;:&quot;10&quot;},&quot;type&quot;:&quot;carousel&quot;,&quot;us_grid_ajax_index&quot;:1,&quot;us_grid_filter_params&quot;:null,&quot;us_grid_index&quot;:1,&quot;_us_grid_post_type&quot;:&quot;attachment&quot;,&quot;lang&quot;:&quot;en&quot;},&quot;carousel_settings&quot;:{&quot;autoHeight&quot;:0,&quot;autoplay&quot;:0,&quot;carousel_fade&quot;:1,&quot;center&quot;:1,&quot;dots&quot;:1,&quot;items&quot;:&quot;2&quot;,&quot;loop&quot;:true,&quot;nav&quot;:1,&quot;slideby&quot;:&quot;1&quot;,&quot;smooth_play&quot;:0,&quot;speed&quot;:250,&quot;timeout&quot;:3000,&quot;transition&quot;:&quot;&quot;},&quot;carousel_breakpoints&quot;:{&quot;1200&quot;:{&quot;items&quot;:2},&quot;900&quot;:{&quot;autoHeight&quot;:0,&quot;autoplay&quot;:1,&quot;autoplayHoverPause&quot;:1,&quot;items&quot;:&quot;2&quot;,&quot;loop&quot;:true},&quot;600&quot;:{&quot;autoHeight&quot;:0,&quot;autoplay&quot;:1,&quot;autoplayHoverPause&quot;:1,&quot;items&quot;:2,&quot;loop&quot;:true},&quot;0&quot;:{&quot;autoHeight&quot;:1,&quot;autoplay&quot;:1,&quot;autoplayHoverPause&quot;:1,&quot;items&quot;:1,&quot;loop&quot;:true}}}'><\/div>\r\n<\/div><\/div><\/div><\/div><\/div><\/div><\/section>\n","protected":false},"excerpt":{"rendered":"","protected":false},"author":1,"featured_media":0,"parent":0,"menu_order":0,"comment_status":"closed","ping_status":"closed","template":"","meta":{"_monsterinsights_skip_tracking":false,"_monsterinsights_sitenote_active":false,"_monsterinsights_sitenote_note":"","_monsterinsights_sitenote_category":0,"footnotes":""},"class_list":["post-9784","page","type-page","status-publish","hentry"],"aioseo_notices":[],"_links":{"self":[{"href":"https:\/\/dekamuhendislik.com.tr\/en\/wp-json\/wp\/v2\/pages\/9784","targetHints":{"allow":["GET"]}}],"collection":[{"href":"https:\/\/dekamuhendislik.com.tr\/en\/wp-json\/wp\/v2\/pages"}],"about":[{"href":"https:\/\/dekamuhendislik.com.tr\/en\/wp-json\/wp\/v2\/types\/page"}],"author":[{"embeddable":true,"href":"https:\/\/dekamuhendislik.com.tr\/en\/wp-json\/wp\/v2\/users\/1"}],"replies":[{"embeddable":true,"href":"https:\/\/dekamuhendislik.com.tr\/en\/wp-json\/wp\/v2\/comments?post=9784"}],"version-history":[{"count":1,"href":"https:\/\/dekamuhendislik.com.tr\/en\/wp-json\/wp\/v2\/pages\/9784\/revisions"}],"predecessor-version":[{"id":9785,"href":"https:\/\/dekamuhendislik.com.tr\/en\/wp-json\/wp\/v2\/pages\/9784\/revisions\/9785"}],"wp:attachment":[{"href":"https:\/\/dekamuhendislik.com.tr\/en\/wp-json\/wp\/v2\/media?parent=9784"}],"curies":[{"name":"wp","href":"https:\/\/api.w.org\/{rel}","templated":true}]}}