{"id":9671,"date":"2021-03-29T12:05:40","date_gmt":"2021-03-29T09:05:40","guid":{"rendered":"http:\/\/dekamuhendislik.com.tr\/bilgi-arsivi\/"},"modified":"2021-04-16T14:38:18","modified_gmt":"2021-04-16T11:38:18","slug":"information","status":"publish","type":"page","link":"https:\/\/dekamuhendislik.com.tr\/en\/information\/","title":{"rendered":"Information"},"content":{"rendered":"<section class=\"l-section wpb_row height_custom\"><div class=\"l-section-h i-cf\"><div class=\"g-cols vc_row type_default valign_top\"><div class=\"vc_col-sm-12 wpb_column vc_column_container\"><div class=\"vc_column-inner\"><div class=\"wpb_wrapper\"><div class=\"wpb_text_column\" ><div class=\"wpb_wrapper\"><p>Information<\/p>\n<\/div><\/div><\/div><\/div><\/div><\/div><\/div><\/section><section class=\"l-section wpb_row height_custom\"><div class=\"l-section-h i-cf\"><div class=\"g-cols vc_row type_default valign_top\"><div class=\"vc_col-sm-12 wpb_column vc_column_container\"><div class=\"vc_column-inner\"><div class=\"wpb_wrapper\"><div class=\"w-grid listeleme type_grid layout_10058 cols_3 ratio_4x3\" id=\"us_grid_1\" data-grid-filter=\"false\"><style id=\"us_grid_1_css\">#us_grid_1 .w-grid-item{padding:10px}#us_grid_1 .w-grid-list{margin:-10px}.w-grid + #us_grid_1 .w-grid-list{margin-top:10px}@media (max-width:899px){#us_grid_1 .w-grid-item{width:50%}#us_grid_1 .w-grid-item.size_2x1,#us_grid_1 .w-grid-item.size_2x2{width:100%}}@media (max-width:599px){#us_grid_1 .w-grid-list{margin:0}#us_grid_1 .w-grid-item{width:100%;padding:0;margin-bottom:10px}}<\/style><style>.layout_10058 .w-grid-item-h:before{padding-bottom:75.0000%}@media (min-width:600px){.layout_10058 .w-grid-item.size_1x2 .w-grid-item-h:before{padding-bottom:calc(150% + 10px + 10px)}.layout_10058 .w-grid-item.size_2x1 .w-grid-item-h:before{padding-bottom:calc(37.5% - 10px * 0.75)}.layout_10058 .w-grid-item.size_2x2 .w-grid-item-h:before{padding-bottom:calc(75% - 10px * -0.5)}}.layout_10058 .w-grid-item-h{}.layout_10058 .usg_post_image_1{transition-duration:0.3s;transform-origin:50% 50%;transform:scale(1) translate(0%,0%)}.layout_10058 .w-grid-item-h:hover .usg_post_image_1{transform:scale(1.1) translate(0%,0%);opacity:1}.layout_10058 .usg_post_image_1{max-height:165px!important;position:absolute!important;left:0!important;top:0!important;bottom:0!important;right:0!important}.layout_10058 .usg_post_title_1{color:inherit!important;font-weight:500!important;font-size:1.2rem!important}.layout_10058 .usg_vwrapper_1{color:#0f131f!important;position:absolute!important;left:0!important;right:2rem!important;bottom:0!important;padding-top:0.5rem!important;padding-right:2rem!important;background:#ffffff!important}<\/style><div class=\"w-grid-list\" ><article class=\"w-grid-item size_1x1 post-9618 page type-page status-publish has-post-thumbnail hentry\" data-id=\"9618\">\r\n\t<div class=\"w-grid-item-h\">\r\n\t\t\t\t<div class=\"w-post-elm post_image usg_post_image_1 stretched\"><a href=\"https:\/\/dekamuhendislik.com.tr\/en\/regulations\/\" aria-label=\"Regulations\"><img loading=\"lazy\" decoding=\"async\" width=\"700\" height=\"414\" src=\"https:\/\/dekamuhendislik.com.tr\/wp-content\/uploads\/2021\/03\/3377347.jpg\" class=\"attachment-large size-large wp-post-image\" alt=\"\" srcset=\"https:\/\/dekamuhendislik.com.tr\/wp-content\/uploads\/2021\/03\/3377347.jpg 700w, https:\/\/dekamuhendislik.com.tr\/wp-content\/uploads\/2021\/03\/3377347-300x177.jpg 300w\" sizes=\"auto, (max-width: 700px) 100vw, 700px\" \/><\/a><\/div><div class=\"w-vwrapper usg_vwrapper_1 align_left valign_top\"><span class=\"w-post-elm post_title usg_post_title_1 entry-title color_link_inherit has_text_color\"><a href=\"https:\/\/dekamuhendislik.com.tr\/en\/regulations\/\">Regulations<\/a><\/span><\/div>\t<\/div>\r\n<\/article>\r\n<article class=\"w-grid-item size_1x1 post-9620 page type-page status-publish has-post-thumbnail hentry\" data-id=\"9620\">\r\n\t<div class=\"w-grid-item-h\">\r\n\t\t\t\t<div class=\"w-post-elm post_image usg_post_image_1 stretched\"><a href=\"https:\/\/dekamuhendislik.com.tr\/en\/specifications\/\" aria-label=\"Specifications\"><img loading=\"lazy\" decoding=\"async\" width=\"700\" height=\"414\" src=\"https:\/\/dekamuhendislik.com.tr\/wp-content\/uploads\/2021\/03\/1442634.jpg\" class=\"attachment-large size-large wp-post-image\" alt=\"\" srcset=\"https:\/\/dekamuhendislik.com.tr\/wp-content\/uploads\/2021\/03\/1442634.jpg 700w, https:\/\/dekamuhendislik.com.tr\/wp-content\/uploads\/2021\/03\/1442634-300x177.jpg 300w\" sizes=\"auto, (max-width: 700px) 100vw, 700px\" \/><\/a><\/div><div class=\"w-vwrapper usg_vwrapper_1 align_left valign_top\"><span class=\"w-post-elm post_title usg_post_title_1 entry-title color_link_inherit has_text_color\"><a href=\"https:\/\/dekamuhendislik.com.tr\/en\/specifications\/\">Specifications<\/a><\/span><\/div>\t<\/div>\r\n<\/article>\r\n<article class=\"w-grid-item size_1x1 post-9645 page type-page status-publish has-post-thumbnail hentry\" data-id=\"9645\">\r\n\t<div class=\"w-grid-item-h\">\r\n\t\t\t\t<div class=\"w-post-elm post_image usg_post_image_1 stretched\"><a href=\"https:\/\/dekamuhendislik.com.tr\/en\/technical-information\/\" aria-label=\"Technical Information\"><img loading=\"lazy\" decoding=\"async\" width=\"700\" height=\"414\" src=\"https:\/\/dekamuhendislik.com.tr\/wp-content\/uploads\/2021\/03\/8191271.jpg\" class=\"attachment-large size-large wp-post-image\" alt=\"\" srcset=\"https:\/\/dekamuhendislik.com.tr\/wp-content\/uploads\/2021\/03\/8191271.jpg 700w, https:\/\/dekamuhendislik.com.tr\/wp-content\/uploads\/2021\/03\/8191271-300x177.jpg 300w\" sizes=\"auto, (max-width: 700px) 100vw, 700px\" \/><\/a><\/div><div class=\"w-vwrapper usg_vwrapper_1 align_left valign_top\"><span class=\"w-post-elm post_title usg_post_title_1 entry-title color_link_inherit has_text_color\"><a href=\"https:\/\/dekamuhendislik.com.tr\/en\/technical-information\/\">Technical Information<\/a><\/span><\/div>\t<\/div>\r\n<\/article>\r\n<article class=\"w-grid-item size_1x1 post-9654 page type-page status-publish has-post-thumbnail hentry\" data-id=\"9654\">\r\n\t<div class=\"w-grid-item-h\">\r\n\t\t\t\t<div class=\"w-post-elm post_image usg_post_image_1 stretched\"><a href=\"https:\/\/dekamuhendislik.com.tr\/en\/articles\/\" aria-label=\"Articles\"><img loading=\"lazy\" decoding=\"async\" width=\"700\" height=\"414\" src=\"https:\/\/dekamuhendislik.com.tr\/wp-content\/uploads\/2021\/03\/2681790.jpg\" class=\"attachment-large size-large wp-post-image\" alt=\"\" srcset=\"https:\/\/dekamuhendislik.com.tr\/wp-content\/uploads\/2021\/03\/2681790.jpg 700w, https:\/\/dekamuhendislik.com.tr\/wp-content\/uploads\/2021\/03\/2681790-300x177.jpg 300w\" sizes=\"auto, (max-width: 700px) 100vw, 700px\" \/><\/a><\/div><div class=\"w-vwrapper usg_vwrapper_1 align_left valign_top\"><span class=\"w-post-elm post_title usg_post_title_1 entry-title color_link_inherit has_text_color\"><a href=\"https:\/\/dekamuhendislik.com.tr\/en\/articles\/\">Articles<\/a><\/span><\/div>\t<\/div>\r\n<\/article>\r\n<\/div><div class=\"w-grid-preloader\"><div class=\"g-preloader type_1\">\r\n\t<div><\/div>\r\n<\/div>\r\n<\/div>\t<div class=\"w-grid-json hidden\" onclick='return {&quot;action&quot;:&quot;us_ajax_grid&quot;,&quot;ajax_url&quot;:&quot;https:\\\/\\\/dekamuhendislik.com.tr\\\/wp-admin\\\/admin-ajax.php&quot;,&quot;infinite_scroll&quot;:0,&quot;max_num_pages&quot;:1,&quot;pagination&quot;:&quot;none&quot;,&quot;permalink_url&quot;:&quot;https:\\\/\\\/dekamuhendislik.com.tr\\\/en\\\/wp-json\\\/wp\\\/v2\\\/pages\\\/9671\\\/&quot;,&quot;template_vars&quot;:{&quot;columns&quot;:&quot;3&quot;,&quot;exclude_items&quot;:&quot;none&quot;,&quot;img_size&quot;:&quot;default&quot;,&quot;ignore_items_size&quot;:false,&quot;items_layout&quot;:&quot;10058&quot;,&quot;items_offset&quot;:&quot;1&quot;,&quot;overriding_link&quot;:&quot;none&quot;,&quot;post_id&quot;:9671,&quot;query_args&quot;:{&quot;ignore_sticky_posts&quot;:1,&quot;post_type&quot;:&quot;any&quot;,&quot;post__in&quot;:[&quot;9614&quot;,&quot;9624&quot;,&quot;9642&quot;,&quot;9650&quot;,&quot;9660&quot;],&quot;orderby&quot;:{&quot;date&quot;:&quot;ASC&quot;},&quot;posts_per_page&quot;:&quot;5&quot;},&quot;type&quot;:&quot;grid&quot;,&quot;us_grid_ajax_index&quot;:1,&quot;us_grid_filter_params&quot;:null,&quot;us_grid_index&quot;:1,&quot;_us_grid_post_type&quot;:&quot;ids&quot;,&quot;lang&quot;:&quot;en&quot;}}'><\/div>\r\n<\/div><\/div><\/div><\/div><\/div><\/div><\/section>\n","protected":false},"excerpt":{"rendered":"Articles Yol T\u00fcneli Korumas\u0131nda D\u00fc\u015f\u00fck Bas\u0131n\u00e7l\u0131 Su Sisi SistemleriDeprem Ve Yang\u0131n \u0130lintisi \u0130le SprinklerHidrolik Hesaplarda Yap\u0131lan Hatalar ve Kontrol KriterleriSu Sisi Yang\u0131n S\u00f6nd\u00fcrme SistemleriYan\u0131c\u0131 Parlay\u0131c\u0131 S\u0131v\u0131 Depolar\u0131nda K\u00f6p\u00fckl\u00fc Sprinkler SistemleriDepolama Alanlar\u0131nda ESFR Sprinkler SistemleriGRUP I Hangarlarda K\u00f6p\u00fckl\u00fc S\u00f6nd\u00fcrme SistemleriNFPA 13 VE EN 12845 Standartlar\u0131n\u0131n Kar\u015f\u0131la\u015ft\u0131r\u0131lmas\u0131Yang\u0131n Tesisatlar\u0131nda Boru ve Ba\u011flant\u0131 Elemanlar\u0131n\u0131n \u00d6nemi","protected":false},"author":1,"featured_media":0,"parent":0,"menu_order":0,"comment_status":"closed","ping_status":"closed","template":"","meta":{"_monsterinsights_skip_tracking":false,"_monsterinsights_sitenote_active":false,"_monsterinsights_sitenote_note":"","_monsterinsights_sitenote_category":0,"footnotes":""},"class_list":["post-9671","page","type-page","status-publish","hentry"],"aioseo_notices":[],"_links":{"self":[{"href":"https:\/\/dekamuhendislik.com.tr\/en\/wp-json\/wp\/v2\/pages\/9671","targetHints":{"allow":["GET"]}}],"collection":[{"href":"https:\/\/dekamuhendislik.com.tr\/en\/wp-json\/wp\/v2\/pages"}],"about":[{"href":"https:\/\/dekamuhendislik.com.tr\/en\/wp-json\/wp\/v2\/types\/page"}],"author":[{"embeddable":true,"href":"https:\/\/dekamuhendislik.com.tr\/en\/wp-json\/wp\/v2\/users\/1"}],"replies":[{"embeddable":true,"href":"https:\/\/dekamuhendislik.com.tr\/en\/wp-json\/wp\/v2\/comments?post=9671"}],"version-history":[{"count":2,"href":"https:\/\/dekamuhendislik.com.tr\/en\/wp-json\/wp\/v2\/pages\/9671\/revisions"}],"predecessor-version":[{"id":10120,"href":"https:\/\/dekamuhendislik.com.tr\/en\/wp-json\/wp\/v2\/pages\/9671\/revisions\/10120"}],"wp:attachment":[{"href":"https:\/\/dekamuhendislik.com.tr\/en\/wp-json\/wp\/v2\/media?parent=9671"}],"curies":[{"name":"wp","href":"https:\/\/api.w.org\/{rel}","templated":true}]}}