{"id":9654,"date":"2021-03-29T13:05:26","date_gmt":"2021-03-29T10:05:26","guid":{"rendered":"http:\/\/dekamuhendislik.com.tr\/makaleler\/"},"modified":"2021-03-29T13:05:57","modified_gmt":"2021-03-29T10:05:57","slug":"articles","status":"publish","type":"page","link":"https:\/\/dekamuhendislik.com.tr\/en\/articles\/","title":{"rendered":"Articles"},"content":{"rendered":"<section class=\"l-section wpb_row height_custom\"><div class=\"l-section-h i-cf\"><div class=\"g-cols vc_row type_default valign_top\"><div class=\"vc_col-sm-12 wpb_column vc_column_container\"><div class=\"vc_column-inner\"><div class=\"wpb_wrapper\"><div class=\"wpb_text_column\" ><div class=\"wpb_wrapper\"><p>Articles<\/p>\n<\/div><\/div><\/div><\/div><\/div><\/div><\/div><\/section><section class=\"l-section wpb_row height_custom\"><div class=\"l-section-h i-cf\"><div class=\"g-cols vc_row type_default valign_top\"><div class=\"vc_col-sm-6 wpb_column vc_column_container\"><div class=\"vc_column-inner\"><div class=\"wpb_wrapper\"><div class=\"w-btn-wrapper width_full\"><a class=\"w-btn us-btn-style_5\" href=\"https:\/\/www.dekamuhendislik.com.tr\/resim\/pdf\/11_Yol_Tuneli_Korumasinda_Dusuk_Basincli_Su_Sisi_Sistemleri.pdf\"><span class=\"w-btn-label\">Yol T\u00fcneli Korumas\u0131nda D\u00fc\u015f\u00fck Bas\u0131n\u00e7l\u0131 Su Sisi Sistemleri<\/span><\/a><\/div><div class=\"w-btn-wrapper width_full\"><a class=\"w-btn us-btn-style_5\" href=\"https:\/\/www.dekamuhendislik.com.tr\/resim\/pdf\/02_DEPREM_VE_YANGIN_ilintisi_ile_Sprinkler.pdf\"><span class=\"w-btn-label\">Deprem Ve Yang\u0131n \u0130lintisi \u0130le Sprinkler<\/span><\/a><\/div><div class=\"w-btn-wrapper width_full\"><a class=\"w-btn us-btn-style_5\" href=\"https:\/\/www.dekamuhendislik.com.tr\/resim\/pdf\/06_Hidrolik_Hesaplarda_Yapilan_Hatalar_ve_Kontrol_Kriterleri.pdf\"><span class=\"w-btn-label\">Hidrolik Hesaplarda Yap\u0131lan Hatalar ve Kontrol Kriterleri<\/span><\/a><\/div><div class=\"w-btn-wrapper width_full\"><a class=\"w-btn us-btn-style_5\" href=\"https:\/\/www.dekamuhendislik.com.tr\/resim\/pdf\/08_Su_Sisi_Yangin_s%C3%B6nd%C3%BCrme_Sistemleri.pdf\"><span class=\"w-btn-label\">Su Sisi Yang\u0131n S\u00f6nd\u00fcrme Sistemleri<\/span><\/a><\/div><div class=\"w-btn-wrapper width_full\"><a class=\"w-btn us-btn-style_5\" href=\"https:\/\/www.dekamuhendislik.com.tr\/resim\/pdf\/10_Yanici_Parlayici_Sivi_Depolarinda_Kopuklu_Sondurme_Sistemleri.pdf\"><span class=\"w-btn-label\">Yan\u0131c\u0131 Parlay\u0131c\u0131 S\u0131v\u0131 Depolar\u0131nda K\u00f6p\u00fckl\u00fc Sprinkler Sistemleri<\/span><\/a><\/div><\/div><\/div><\/div><div class=\"vc_col-sm-6 wpb_column vc_column_container\"><div class=\"vc_column-inner\"><div class=\"wpb_wrapper\"><div class=\"w-btn-wrapper width_full\"><a class=\"w-btn us-btn-style_5\" href=\"https:\/\/www.dekamuhendislik.com.tr\/resim\/pdf\/01_DEPOLAMA_ALANLARINDA_ESFR_SPRINKLER.pdf\"><span class=\"w-btn-label\">Depolama Alanlar\u0131nda ESFR Sprinkler Sistemleri<\/span><\/a><\/div><div class=\"w-btn-wrapper width_full\"><a class=\"w-btn us-btn-style_5\" href=\"https:\/\/www.dekamuhendislik.com.tr\/resim\/pdf\/05_GRUP_I_Hangarlarda_Kopuklu_Sondurme_Sistemi.pdf\"><span class=\"w-btn-label\">GRUP I Hangarlarda K\u00f6p\u00fckl\u00fc S\u00f6nd\u00fcrme Sistemleri<\/span><\/a><\/div><div class=\"w-btn-wrapper width_full\"><a class=\"w-btn us-btn-style_5\" href=\"https:\/\/www.dekamuhendislik.com.tr\/resim\/pdf\/07_NFPA_13_ve_EN_12845_STANDARDLARININ_KARSILASTIRILMASI.pdf\"><span class=\"w-btn-label\">NFPA 13 VE EN 12845 Standartlar\u0131n\u0131n Kar\u015f\u0131la\u015ft\u0131r\u0131lmas\u0131<\/span><\/a><\/div><div class=\"w-btn-wrapper width_full\"><a class=\"w-btn us-btn-style_5\" href=\"https:\/\/www.dekamuhendislik.com.tr\/resim\/pdf\/09_Yangin_Tesisatlarinda_BORU_ve_Baglanti_Elemanlarinin_Onemi.pdf\"><span class=\"w-btn-label\">Yang\u0131n Tesisatlar\u0131nda Boru ve Ba\u011flant\u0131 Elemanlar\u0131n\u0131n \u00d6nemi<\/span><\/a><\/div><\/div><\/div><\/div><\/div><\/div><\/section>\n","protected":false},"excerpt":{"rendered":"Articles Yol T\u00fcneli Korumas\u0131nda D\u00fc\u015f\u00fck Bas\u0131n\u00e7l\u0131 Su Sisi SistemleriDeprem Ve Yang\u0131n \u0130lintisi \u0130le SprinklerHidrolik Hesaplarda Yap\u0131lan Hatalar ve Kontrol KriterleriSu Sisi Yang\u0131n S\u00f6nd\u00fcrme SistemleriYan\u0131c\u0131 Parlay\u0131c\u0131 S\u0131v\u0131 Depolar\u0131nda K\u00f6p\u00fckl\u00fc Sprinkler SistemleriDepolama Alanlar\u0131nda ESFR Sprinkler SistemleriGRUP I Hangarlarda K\u00f6p\u00fckl\u00fc S\u00f6nd\u00fcrme SistemleriNFPA 13 VE EN 12845 Standartlar\u0131n\u0131n Kar\u015f\u0131la\u015ft\u0131r\u0131lmas\u0131Yang\u0131n Tesisatlar\u0131nda Boru ve Ba\u011flant\u0131 Elemanlar\u0131n\u0131n \u00d6nemi","protected":false},"author":1,"featured_media":9652,"parent":0,"menu_order":0,"comment_status":"closed","ping_status":"closed","template":"","meta":{"_monsterinsights_skip_tracking":false,"_monsterinsights_sitenote_active":false,"_monsterinsights_sitenote_note":"","_monsterinsights_sitenote_category":0,"footnotes":""},"class_list":["post-9654","page","type-page","status-publish","has-post-thumbnail","hentry"],"aioseo_notices":[],"_links":{"self":[{"href":"https:\/\/dekamuhendislik.com.tr\/en\/wp-json\/wp\/v2\/pages\/9654","targetHints":{"allow":["GET"]}}],"collection":[{"href":"https:\/\/dekamuhendislik.com.tr\/en\/wp-json\/wp\/v2\/pages"}],"about":[{"href":"https:\/\/dekamuhendislik.com.tr\/en\/wp-json\/wp\/v2\/types\/page"}],"author":[{"embeddable":true,"href":"https:\/\/dekamuhendislik.com.tr\/en\/wp-json\/wp\/v2\/users\/1"}],"replies":[{"embeddable":true,"href":"https:\/\/dekamuhendislik.com.tr\/en\/wp-json\/wp\/v2\/comments?post=9654"}],"version-history":[{"count":1,"href":"https:\/\/dekamuhendislik.com.tr\/en\/wp-json\/wp\/v2\/pages\/9654\/revisions"}],"predecessor-version":[{"id":9655,"href":"https:\/\/dekamuhendislik.com.tr\/en\/wp-json\/wp\/v2\/pages\/9654\/revisions\/9655"}],"wp:featuredmedia":[{"embeddable":true,"href":"https:\/\/dekamuhendislik.com.tr\/en\/wp-json\/wp\/v2\/media\/9652"}],"wp:attachment":[{"href":"https:\/\/dekamuhendislik.com.tr\/en\/wp-json\/wp\/v2\/media?parent=9654"}],"curies":[{"name":"wp","href":"https:\/\/api.w.org\/{rel}","templated":true}]}}