{"id":9645,"date":"2021-03-29T12:57:08","date_gmt":"2021-03-29T09:57:08","guid":{"rendered":"http:\/\/dekamuhendislik.com.tr\/teknik-bilgiler\/"},"modified":"2021-03-29T12:59:48","modified_gmt":"2021-03-29T09:59:48","slug":"technical-information","status":"publish","type":"page","link":"https:\/\/dekamuhendislik.com.tr\/en\/technical-information\/","title":{"rendered":"Technical Information"},"content":{"rendered":"<section class=\"l-section wpb_row height_custom\"><div class=\"l-section-h i-cf\"><div class=\"g-cols vc_row type_default valign_top\"><div class=\"vc_col-sm-12 wpb_column vc_column_container\"><div class=\"vc_column-inner\"><div class=\"wpb_wrapper\"><div class=\"wpb_text_column\" ><div class=\"wpb_wrapper\"><p>Technical Information<\/p>\n<\/div><\/div><\/div><\/div><\/div><\/div><\/div><\/section><section class=\"l-section wpb_row height_custom\"><div class=\"l-section-h i-cf\"><div class=\"g-cols vc_row type_default valign_top\"><div class=\"vc_col-sm-6 wpb_column vc_column_container\"><div class=\"vc_column-inner\"><div class=\"wpb_wrapper\"><div class=\"w-btn-wrapper width_full\"><a class=\"w-btn us-btn-style_5\" href=\"https:\/\/www.dekamuhendislik.com.tr\/resim\/pdf\/ABS%20FM%20200%20Hidrolik%20Hesap.pdf\"><span class=\"w-btn-label\">FM 200 Gazl\u0131 S\u00f6nd\u00fcrme Sistemi Hidrolik Hesap<\/span><\/a><\/div><div class=\"w-btn-wrapper width_full\"><a class=\"w-btn us-btn-style_5\" href=\"https:\/\/www.dekamuhendislik.com.tr\/resim\/pdf\/Siex%20Argon%20Hidrolik%20Hesap.pdf\"><span class=\"w-btn-label\">Argon Gazl\u0131 S\u00f6nd\u00fcrme Sistemi Hidrolik Hesap<\/span><\/a><\/div><div class=\"w-btn-wrapper width_full\"><a class=\"w-btn us-btn-style_5\" href=\"https:\/\/www.dekamuhendislik.com.tr\/resim\/pdf\/Sprinkler%20Hidrolik%20Hesap.pdf\"><span class=\"w-btn-label\">Sprinkler Sistemi Hidrolik Hesap<\/span><\/a><\/div><div class=\"w-btn-wrapper width_full\"><a class=\"w-btn us-btn-style_5\" href=\"https:\/\/www.dekamuhendislik.com.tr\/resim\/pdf\/%C3%87ATI%20FAN%20HAVALANDIRMA%20HESABI.pdf\"><span class=\"w-btn-label\">\u00c7at\u0131 Fan Duman Tahliye Hesab\u0131<\/span><\/a><\/div><div class=\"w-btn-wrapper width_full\"><a class=\"w-btn us-btn-style_5\" href=\"https:\/\/www.dekamuhendislik.com.tr\/resim\/pdf\/T%C3%BCrkiye%20Deprem%20Tehlike%20Haritasi.pdf\"><span class=\"w-btn-label\">T\u00fcrkiye Deprem Tehlike Haritasi<\/span><\/a><\/div><div class=\"w-btn-wrapper width_full\"><a class=\"w-btn us-btn-style_5\" href=\"https:\/\/www.dekamuhendislik.com.tr\/resim\/pdf\/Turkiye%20Haritasi.pdf\"><span class=\"w-btn-label\">T\u00fcrkiye Haritas\u0131 2019<\/span><\/a><\/div><div class=\"w-btn-wrapper width_full\"><a class=\"w-btn us-btn-style_5\" href=\"https:\/\/www.dekamuhendislik.com.tr\/resim\/pdf\/Turkiye%20Illerin%20Rakim%20ve%20Ilcelerin%20Mesafesi.pdf\"><span class=\"w-btn-label\">T\u00fcrkiye \u0130llerin Rak\u0131m ve \u0130l\u00e7elerine Mesafesi<\/span><\/a><\/div><div class=\"w-btn-wrapper width_full\"><a class=\"w-btn us-btn-style_5\" href=\"https:\/\/www.dekamuhendislik.com.tr\/resim\/pdf\/Gazli%20Yangin%20Sondurme%20Sistemlerinin%20Kiyaslamasi.pdf\"><span class=\"w-btn-label\">Gazl\u0131 Yang\u0131n S\u00f6nd\u00fcrme Sistemlerinin K\u0131yaslamas\u0131<\/span><\/a><\/div><div class=\"w-btn-wrapper width_full\"><a class=\"w-btn us-btn-style_5\" href=\"https:\/\/www.dekamuhendislik.com.tr\/resim\/pdf\/SPRINKLER%20TEST%20BAKIM%20SIKLIKLARI(1).pdf\"><span class=\"w-btn-label\">Sprinkler Sistemi Kontrol Test Bak\u0131m<\/span><\/a><\/div><\/div><\/div><\/div><div class=\"vc_col-sm-6 wpb_column vc_column_container\"><div class=\"vc_column-inner\"><div class=\"wpb_wrapper\"><div class=\"w-btn-wrapper width_full\"><a class=\"w-btn us-btn-style_5\" href=\"https:\/\/www.dekamuhendislik.com.tr\/resim\/pdf\/Kidde%20NOVEC%201230%20Hidrolik%20Hesap.pdf\"><span class=\"w-btn-label\">Novec 1230 Gazl\u0131 S\u00f6nd\u00fcrme Sistemi Hidrolik Hesap<\/span><\/a><\/div><div class=\"w-btn-wrapper width_full\"><a class=\"w-btn us-btn-style_5\" href=\"https:\/\/www.dekamuhendislik.com.tr\/resim\/pdf\/VDS%20CO2%20Hidrolik%20Hesap.pdf\"><span class=\"w-btn-label\">CO2 Gazl\u0131 S\u00f6nd\u00fcrme Sistemi Hidrolik Hesap<\/span><\/a><\/div><div class=\"w-btn-wrapper width_full\"><a class=\"w-btn us-btn-style_5\" href=\"https:\/\/www.dekamuhendislik.com.tr\/resim\/pdf\/Oda%20sizdirmalik%20testi%20raporu.pdf\"><span class=\"w-btn-label\">Oda S\u0131zd\u0131rmazl\u0131k Testi Raporu<\/span><\/a><\/div><div class=\"w-btn-wrapper width_full\"><a class=\"w-btn us-btn-style_5\" href=\"https:\/\/www.dekamuhendislik.com.tr\/resim\/pdf\/Cati%20kapagi%20duman%20tahliye%20sistemi.pdf\"><span class=\"w-btn-label\">\u00c7at\u0131 Kapa\u011f\u0131 Duman Tahliye Hesab\u0131<\/span><\/a><\/div><div class=\"w-btn-wrapper width_full\"><a class=\"w-btn us-btn-style_5\" href=\"https:\/\/www.dekamuhendislik.com.tr\/resim\/pdf\/Turkiye%20Don%20Indeksi%20ve%20Don%20Penetrasyon%20Derinligi%20%20Haritasi.pdf\"><span class=\"w-btn-label\">T\u00fcrkiye Don \u0130ndeksi ve Don Penetrasyon Derinli\u011fi Haritas\u0131<\/span><\/a><\/div><div class=\"w-btn-wrapper width_full\"><a class=\"w-btn us-btn-style_5\" href=\"https:\/\/www.dekamuhendislik.com.tr\/resim\/pdf\/Turkiye%20Iller%20Arasi%20Mesafe.pdf\"><span class=\"w-btn-label\">T\u00fcrkiye \u0130ller Aras\u0131 Mesafe<\/span><\/a><\/div><div class=\"w-btn-wrapper width_full\"><a class=\"w-btn us-btn-style_5\" href=\"https:\/\/www.dekamuhendislik.com.tr\/resim\/pdf\/Birim%20%C3%87evirme.pdf\"><span class=\"w-btn-label\">Birim \u00c7evirme<\/span><\/a><\/div><div class=\"w-btn-wrapper width_full\"><a class=\"w-btn us-btn-style_5\" href=\"https:\/\/www.dekamuhendislik.com.tr\/resim\/pdf\/Water%20mist%20ve%20Sprinkler%20Sistemlerinin%20Kiyaslamasi.pdf\"><span class=\"w-btn-label\">Water mist ve Sprinkler Sistemlerinin K\u0131yaslamas\u0131<\/span><\/a><\/div><\/div><\/div><\/div><\/div><\/div><\/section>\n","protected":false},"excerpt":{"rendered":"Technical Information FM 200 Gazl\u0131 S\u00f6nd\u00fcrme Sistemi Hidrolik HesapArgon Gazl\u0131 S\u00f6nd\u00fcrme Sistemi Hidrolik HesapSprinkler Sistemi Hidrolik Hesap\u00c7at\u0131 Fan Duman Tahliye Hesab\u0131T\u00fcrkiye Deprem Tehlike HaritasiT\u00fcrkiye Haritas\u0131 2019T\u00fcrkiye \u0130llerin Rak\u0131m ve \u0130l\u00e7elerine MesafesiGazl\u0131 Yang\u0131n S\u00f6nd\u00fcrme Sistemlerinin K\u0131yaslamas\u0131Sprinkler Sistemi Kontrol Test Bak\u0131mNovec 1230 Gazl\u0131 S\u00f6nd\u00fcrme Sistemi Hidrolik HesapCO2 Gazl\u0131 S\u00f6nd\u00fcrme Sistemi Hidrolik HesapOda S\u0131zd\u0131rmazl\u0131k Testi Raporu\u00c7at\u0131 Kapa\u011f\u0131 Duman...","protected":false},"author":1,"featured_media":9638,"parent":0,"menu_order":0,"comment_status":"closed","ping_status":"closed","template":"","meta":{"_monsterinsights_skip_tracking":false,"_monsterinsights_sitenote_active":false,"_monsterinsights_sitenote_note":"","_monsterinsights_sitenote_category":0,"footnotes":""},"class_list":["post-9645","page","type-page","status-publish","has-post-thumbnail","hentry"],"aioseo_notices":[],"_links":{"self":[{"href":"https:\/\/dekamuhendislik.com.tr\/en\/wp-json\/wp\/v2\/pages\/9645","targetHints":{"allow":["GET"]}}],"collection":[{"href":"https:\/\/dekamuhendislik.com.tr\/en\/wp-json\/wp\/v2\/pages"}],"about":[{"href":"https:\/\/dekamuhendislik.com.tr\/en\/wp-json\/wp\/v2\/types\/page"}],"author":[{"embeddable":true,"href":"https:\/\/dekamuhendislik.com.tr\/en\/wp-json\/wp\/v2\/users\/1"}],"replies":[{"embeddable":true,"href":"https:\/\/dekamuhendislik.com.tr\/en\/wp-json\/wp\/v2\/comments?post=9645"}],"version-history":[{"count":1,"href":"https:\/\/dekamuhendislik.com.tr\/en\/wp-json\/wp\/v2\/pages\/9645\/revisions"}],"predecessor-version":[{"id":9646,"href":"https:\/\/dekamuhendislik.com.tr\/en\/wp-json\/wp\/v2\/pages\/9645\/revisions\/9646"}],"wp:featuredmedia":[{"embeddable":true,"href":"https:\/\/dekamuhendislik.com.tr\/en\/wp-json\/wp\/v2\/media\/9638"}],"wp:attachment":[{"href":"https:\/\/dekamuhendislik.com.tr\/en\/wp-json\/wp\/v2\/media?parent=9645"}],"curies":[{"name":"wp","href":"https:\/\/api.w.org\/{rel}","templated":true}]}}