{"id":9620,"date":"2021-03-29T12:42:43","date_gmt":"2021-03-29T09:42:43","guid":{"rendered":"http:\/\/dekamuhendislik.com.tr\/?page_id=9620"},"modified":"2021-03-29T12:42:43","modified_gmt":"2021-03-29T09:42:43","slug":"specifications","status":"publish","type":"page","link":"https:\/\/dekamuhendislik.com.tr\/en\/specifications\/","title":{"rendered":"Specifications"},"content":{"rendered":"<section class=\"l-section wpb_row height_custom\"><div class=\"l-section-h i-cf\"><div class=\"g-cols vc_row type_default valign_top\"><div class=\"vc_col-sm-12 wpb_column vc_column_container\"><div class=\"vc_column-inner\"><div class=\"wpb_wrapper\"><div class=\"wpb_text_column\" ><div class=\"wpb_wrapper\"><p>Specifications<\/p>\n<\/div><\/div><\/div><\/div><\/div><\/div><\/div><\/section><section class=\"l-section wpb_row height_custom\"><div class=\"l-section-h i-cf\"><div class=\"g-cols vc_row type_default valign_top\"><div class=\"vc_col-sm-6 wpb_column vc_column_container\"><div class=\"vc_column-inner\"><div class=\"wpb_wrapper\"><div class=\"w-btn-wrapper width_full\"><a class=\"w-btn us-btn-style_5\" href=\"https:\/\/www.dekamuhendislik.com.tr\/resim\/pdf\/FM%20200%20Gazli%20Sondume%20Sistemi%20Sartnamesi%20ENCE%20TPED.pdf\"><span class=\"w-btn-label\">FM 200 Gazl\u0131 S\u00f6nd\u00fcme Sistemi \u015eartnamesi EN, CE, TPED<\/span><\/a><\/div><div class=\"w-btn-wrapper width_full\"><a class=\"w-btn us-btn-style_5\" href=\"https:\/\/www.dekamuhendislik.com.tr\/resim\/pdf\/FM%20200%20Gazl%C4%B0%20Sondume%20Sistemi%20Sartnamesi%20ENCE%20TPED.pdf\"><span class=\"w-btn-label\">FM 200 Gazl\u0131 S\u00f6nd\u00fcme Sistemi Bak\u0131m \u015eartnamesi<\/span><\/a><\/div><div class=\"w-btn-wrapper width_full\"><a class=\"w-btn us-btn-style_5\" href=\"https:\/\/www.dekamuhendislik.com.tr\/resim\/pdf\/NOVEC%201230%20Gazli%20Sondume%20Sistemi%20SartnamesiULFM.pdf\"><span class=\"w-btn-label\">NOVEC 1230 Gazl\u0131 S\u00f6nd\u00fcme Sistemi UL FM<\/span><\/a><\/div><div class=\"w-btn-wrapper width_full\"><a class=\"w-btn us-btn-style_5\" href=\"https:\/\/www.dekamuhendislik.com.tr\/resim\/pdf\/Argon%20Gazli%20Sondume%20Sistemi%20Sartnamesi(1).pdf\"><span class=\"w-btn-label\">Argon Gazl\u0131 S\u00f6nd\u00fcme Sistemi \u015eartnamesi<\/span><\/a><\/div><div class=\"w-btn-wrapper width_full\"><a class=\"w-btn us-btn-style_5\" href=\"https:\/\/www.dekamuhendislik.com.tr\/resim\/pdf\/PANO%20ICI%20SONDURME%20SISTEMLERI%20SARTNAMESI.pdf\"><span class=\"w-btn-label\">Pano \u0130\u00e7i S\u00f6nd\u00fcrme Sistemleri \u015eartnamesi<\/span><\/a><\/div><div class=\"w-btn-wrapper width_full\"><a class=\"w-btn us-btn-style_5\" href=\"https:\/\/www.dekamuhendislik.com.tr\/resim\/pdf\/SPRINKLER%20SARTNAMESI.pdf\"><span class=\"w-btn-label\">Sprinkler \u015eartnamesi<\/span><\/a><\/div><div class=\"w-btn-wrapper width_full\"><a class=\"w-btn us-btn-style_5\" href=\"https:\/\/www.dekamuhendislik.com.tr\/resim\/pdf\/HIDRANT%20SISTEMI%20SARTNAMESI.pdf\"><span class=\"w-btn-label\">Yang\u0131n Hidrant\u0131 Kurulumu \u015eartnamesi<\/span><\/a><\/div><div class=\"w-btn-wrapper width_full\"><a class=\"w-btn us-btn-style_5\" href=\"https:\/\/www.dekamuhendislik.com.tr\/resim\/pdf\/KOPUK%20JENERATORLU%20YANGIN%20SONDURME%20SISTEMI%20TEKNIK%20SARTNAMESI.pdf\"><span class=\"w-btn-label\">K\u00f6p\u00fck Jenerat\u00f6r\u00fc Yang\u0131n S\u00f6nd\u00fcrme Sistemi Kurulumu \u015eartnamesi<\/span><\/a><\/div><div class=\"w-btn-wrapper width_full\"><a class=\"w-btn us-btn-style_5\" href=\"https:\/\/www.dekamuhendislik.com.tr\/resim\/pdf\/DAVLUMBAZ%20SONDURME%20SISTEMLERI%20SARTNAMESI.pdf\"><span class=\"w-btn-label\">Davlumbaz S\u00f6nd\u00fcrme Sistemleri \u015eartnamesi<\/span><\/a><\/div><div class=\"w-btn-wrapper width_full\"><a class=\"w-btn us-btn-style_5\" href=\"https:\/\/www.dekamuhendislik.com.tr\/resim\/pdf\/Cati%20Duman%20Tahliye%20Sistemi%20Sartnamesi.pdf\"><span class=\"w-btn-label\">\u00c7at\u0131 Duman Tahliye Sistemi \u015eartnamesi<\/span><\/a><\/div><div class=\"w-btn-wrapper width_full\"><a class=\"w-btn us-btn-style_5\" href=\"https:\/\/www.dekamuhendislik.com.tr\/resim\/pdf\/Su%20Algilama%20Sartnamesi.pdf\"><span class=\"w-btn-label\">Su Alg\u0131lama \u015eartnamesi<\/span><\/a><\/div><\/div><\/div><\/div><div class=\"vc_col-sm-6 wpb_column vc_column_container\"><div class=\"vc_column-inner\"><div class=\"wpb_wrapper\"><div class=\"w-btn-wrapper width_full\"><a class=\"w-btn us-btn-style_5\" href=\"https:\/\/www.dekamuhendislik.com.tr\/resim\/pdf\/FM%20200%20Gazli%20Sondume%20Sistemi%20Sartnamesi%20ULFMONAYLI.pdf\"><span class=\"w-btn-label\">FM 200 Gazl\u0131 S\u00f6nd\u00fcme Sistemi \u015eartnamesi UL,FM<\/span><\/a><\/div><div class=\"w-btn-wrapper width_full\"><a class=\"w-btn us-btn-style_5\" href=\"https:\/\/www.dekamuhendislik.com.tr\/resim\/pdf\/NOVEC%201230%20%20Gazli%20Sondume%20Sistemi%20Sartnamesi%20ENCETPED.pdf20ENCE%20TPED.pdf\"><span class=\"w-btn-label\">NOVEC 1230 Gazl\u0131 S\u00f6nd\u00fcme Sistemi EN, CE, TPED<\/span><\/a><\/div><div class=\"w-btn-wrapper width_full\"><a class=\"w-btn us-btn-style_5\" href=\"https:\/\/www.dekamuhendislik.com.tr\/resim\/pdf\/5_NOVEC_1230_Gazli_S%C3%B6nd%C3%BCme_Sistemi_Bakim_Sartnamesi.pdf\"><span class=\"w-btn-label\">NOVEC 1230 Gazl\u0131 S\u00f6nd\u00fcme Sistemi Bak\u0131m \u015eartnamesi<\/span><\/a><\/div><div class=\"w-btn-wrapper width_full\"><a class=\"w-btn us-btn-style_5\" href=\"https:\/\/www.dekamuhendislik.com.tr\/resim\/pdf\/ODA%20SIZDIRMAZLIK%20TESTI%20TEKNIK%20SARTNAMESI.pdf\"><span class=\"w-btn-label\">Oda S\u0131zd\u0131rmal\u0131k Testi Teknik \u015eartnamesi<\/span><\/a><\/div><div class=\"w-btn-wrapper width_full\"><a class=\"w-btn us-btn-style_5\" href=\"https:\/\/www.dekamuhendislik.com.tr\/resim\/pdf\/Tozlu%20Sondurme%20Sartnamesi(1).pdf\"><span class=\"w-btn-label\">Tozlu Yang\u0131n S\u00f6nd\u00fcrme Sistemi Kurulumu \u015eartnamesi<\/span><\/a><\/div><div class=\"w-btn-wrapper width_full\"><a class=\"w-btn us-btn-style_5\" href=\"https:\/\/www.dekamuhendislik.com.tr\/resim\/pdf\/YANGIN%20POMPASI%20TEKNIK%20SARTNAMESI.pdf\"><span class=\"w-btn-label\">Yang\u0131n Pompas\u0131 Teknik \u015eartnamesi<\/span><\/a><\/div><div class=\"w-btn-wrapper width_full\"><a class=\"w-btn us-btn-style_5\" href=\"https:\/\/www.dekamuhendislik.com.tr\/resim\/pdf\/KOPUKLU%20SONDURME%20SISTEMLERI%20TEKNIK%20SARTNAMESI.pdf\"><span class=\"w-btn-label\">K\u00f6p\u00fckl\u00fc S\u00f6nd\u00fcrme Sistemleri Teknik \u015eartnamesi<\/span><\/a><\/div><div class=\"w-btn-wrapper width_full\"><a class=\"w-btn us-btn-style_5\" href=\"https:\/\/www.dekamuhendislik.com.tr\/resim\/pdf\/YUKSEK%20BASINCLI%20SU%20SISI%20(Otomatik%20olarak%20kaydedildi).pdf\"><span class=\"w-btn-label\">Watermist-Susisi Yang\u0131n S\u00f6nd\u00fcrme Sistemi Kurulumu \u015eartnamesi<\/span><\/a><\/div><div class=\"w-btn-wrapper width_full\"><a class=\"w-btn us-btn-style_5\" href=\"https:\/\/www.dekamuhendislik.com.tr\/resim\/pdf\/YANGIN%20ALGILAMA%20VE%20IHBAR%20SISTEMLERI%20SARTNAMESI.pdf\"><span class=\"w-btn-label\">Yang\u0131n Alg\u0131lama Ve \u0130hbar Sistemleri \u015eartnamesi<\/span><\/a><\/div><div class=\"w-btn-wrapper width_full\"><a class=\"w-btn us-btn-style_5\" href=\"https:\/\/www.dekamuhendislik.com.tr\/resim\/pdf\/Acil%20Aydinlatma%20Ve%20Yonlendirme%20Sistemleri%20Teknik%20Sartnamesi.pdf\"><span class=\"w-btn-label\">Acil Ayd\u0131nlatma ve Y\u00f6nlendirme Sistemleri Teknik \u015eartnamesi<\/span><\/a><\/div><\/div><\/div><\/div><\/div><\/div><\/section>\n","protected":false},"excerpt":{"rendered":"Specifications FM 200 Gazl\u0131 S\u00f6nd\u00fcme Sistemi \u015eartnamesi EN, CE, TPEDFM 200 Gazl\u0131 S\u00f6nd\u00fcme Sistemi Bak\u0131m \u015eartnamesiNOVEC 1230 Gazl\u0131 S\u00f6nd\u00fcme Sistemi UL FMArgon Gazl\u0131 S\u00f6nd\u00fcme Sistemi \u015eartnamesiPano \u0130\u00e7i S\u00f6nd\u00fcrme Sistemleri \u015eartnamesiSprinkler \u015eartnamesiYang\u0131n Hidrant\u0131 Kurulumu \u015eartnamesiK\u00f6p\u00fck Jenerat\u00f6r\u00fc Yang\u0131n S\u00f6nd\u00fcrme Sistemi Kurulumu \u015eartnamesiDavlumbaz S\u00f6nd\u00fcrme Sistemleri \u015eartnamesi\u00c7at\u0131 Duman Tahliye Sistemi \u015eartnamesiSu Alg\u0131lama \u015eartnamesiFM 200 Gazl\u0131 S\u00f6nd\u00fcme Sistemi \u015eartnamesi UL,FMNOVEC...","protected":false},"author":1,"featured_media":9621,"parent":0,"menu_order":0,"comment_status":"closed","ping_status":"closed","template":"","meta":{"_monsterinsights_skip_tracking":false,"_monsterinsights_sitenote_active":false,"_monsterinsights_sitenote_note":"","_monsterinsights_sitenote_category":0,"footnotes":""},"class_list":["post-9620","page","type-page","status-publish","has-post-thumbnail","hentry"],"aioseo_notices":[],"_links":{"self":[{"href":"https:\/\/dekamuhendislik.com.tr\/en\/wp-json\/wp\/v2\/pages\/9620","targetHints":{"allow":["GET"]}}],"collection":[{"href":"https:\/\/dekamuhendislik.com.tr\/en\/wp-json\/wp\/v2\/pages"}],"about":[{"href":"https:\/\/dekamuhendislik.com.tr\/en\/wp-json\/wp\/v2\/types\/page"}],"author":[{"embeddable":true,"href":"https:\/\/dekamuhendislik.com.tr\/en\/wp-json\/wp\/v2\/users\/1"}],"replies":[{"embeddable":true,"href":"https:\/\/dekamuhendislik.com.tr\/en\/wp-json\/wp\/v2\/comments?post=9620"}],"version-history":[{"count":1,"href":"https:\/\/dekamuhendislik.com.tr\/en\/wp-json\/wp\/v2\/pages\/9620\/revisions"}],"predecessor-version":[{"id":9623,"href":"https:\/\/dekamuhendislik.com.tr\/en\/wp-json\/wp\/v2\/pages\/9620\/revisions\/9623"}],"wp:featuredmedia":[{"embeddable":true,"href":"https:\/\/dekamuhendislik.com.tr\/en\/wp-json\/wp\/v2\/media\/9621"}],"wp:attachment":[{"href":"https:\/\/dekamuhendislik.com.tr\/en\/wp-json\/wp\/v2\/media?parent=9620"}],"curies":[{"name":"wp","href":"https:\/\/api.w.org\/{rel}","templated":true}]}}