{"id":9618,"date":"2021-03-29T12:31:34","date_gmt":"2021-03-29T09:31:34","guid":{"rendered":"http:\/\/dekamuhendislik.com.tr\/yonetmelik\/"},"modified":"2021-03-29T12:33:43","modified_gmt":"2021-03-29T09:33:43","slug":"regulations","status":"publish","type":"page","link":"https:\/\/dekamuhendislik.com.tr\/en\/regulations\/","title":{"rendered":"Regulations"},"content":{"rendered":"<section class=\"l-section wpb_row height_custom\"><div class=\"l-section-h i-cf\"><div class=\"g-cols vc_row type_default valign_top\"><div class=\"vc_col-sm-12 wpb_column vc_column_container\"><div class=\"vc_column-inner\"><div class=\"wpb_wrapper\"><div class=\"wpb_text_column\" ><div class=\"wpb_wrapper\"><p>Y\u00f6netmelik<\/p>\n<\/div><\/div><\/div><\/div><\/div><\/div><\/div><\/section><section class=\"l-section wpb_row height_custom\"><div class=\"l-section-h i-cf\"><div class=\"g-cols vc_row type_default valign_top\"><div class=\"vc_col-sm-6 wpb_column vc_column_container\"><div class=\"vc_column-inner\"><div class=\"wpb_wrapper\"><div class=\"w-btn-wrapper width_full\"><a class=\"w-btn us-btn-style_5\" href=\"https:\/\/www.dekamuhendislik.com.tr\/resim\/pdf\/01%20-%20Yangin_sondurme_sistemleri(1).pdf\"><span class=\"w-btn-label\">Yang\u0131n S\u00f6nd\u00fcrme Sistemleri<\/span><\/a><\/div><div class=\"w-btn-wrapper width_full\"><a class=\"w-btn us-btn-style_5\" href=\"https:\/\/www.dekamuhendislik.com.tr\/resim\/pdf\/03%20-%20Binalara_iliskin_Genel_Yangin_g%C3%BCvenligi_H%C3%BCk%C3%BCmleri(1).pdf\"><span class=\"w-btn-label\">Binalara \u0130li\u015fkin Genel Yang\u0131n G\u00fcvenli\u011fi H\u00fck\u00fcmleri<\/span><\/a><\/div><div class=\"w-btn-wrapper width_full\"><a class=\"w-btn us-btn-style_5\" href=\"https:\/\/www.dekamuhendislik.com.tr\/resim\/pdf\/05%20-%20Elektrik_Tesisati_ve_Sistemleri(2).pdf\"><span class=\"w-btn-label\">Elektrik Tesisat\u0131 ve Sistemleri<\/span><\/a><\/div><div class=\"w-btn-wrapper width_full\"><a class=\"w-btn us-btn-style_5\" href=\"https:\/\/www.dekamuhendislik.com.tr\/resim\/pdf\/07%20-%20Son_H%C3%BCk%C3%BCmler(1).pdf\"><span class=\"w-btn-label\">Son H\u00fck\u00fcmler<\/span><\/a><\/div><div class=\"w-btn-wrapper width_full\"><a class=\"w-btn us-btn-style_5\" href=\"https:\/\/www.dekamuhendislik.com.tr\/resim\/pdf\/09%20-%20Tehlikeli_Maddelerin_Dep(1).pdf\"><span class=\"w-btn-label\">Tehlikeli Maddelerin Depolanmas\u0131 ve Kullan\u0131lmas\u0131<\/span><\/a><\/div><div class=\"w-btn-wrapper width_full\"><a class=\"w-btn us-btn-style_5\" href=\"https:\/\/www.dekamuhendislik.com.tr\/resim\/pdf\/Basincli%20Kaplar%20Yonetmelik.pdf\"><span class=\"w-btn-label\">Bas\u0131n\u00e7l\u0131 Kaplar Y\u00f6netmelik<\/span><\/a><\/div><\/div><\/div><\/div><div class=\"vc_col-sm-6 wpb_column vc_column_container\"><div class=\"vc_column-inner\"><div class=\"wpb_wrapper\"><div class=\"w-btn-wrapper width_full\"><a class=\"w-btn us-btn-style_5\" href=\"https:\/\/www.dekamuhendislik.com.tr\/resim\/pdf\/02%20-%20Bina_Bolumlerine_ve_Tesislerine_iliskin_D%C3%BCzenlemeler(1).pdf\"><span class=\"w-btn-label\">Bina B\u00f6l\u00fcmlerine ve Tesislerine \u0130li\u015fkin D\u00fczenlemeler<\/span><\/a><\/div><div class=\"w-btn-wrapper width_full\"><a class=\"w-btn us-btn-style_5\" href=\"https:\/\/www.dekamuhendislik.com.tr\/resim\/pdf\/04%20-%20Duman_Kontrol_sistemleri(1).pdf\"><span class=\"w-btn-label\">Duman Kontrol Sistemleri<\/span><\/a><\/div><div class=\"w-btn-wrapper width_full\"><a class=\"w-btn us-btn-style_5\" href=\"https:\/\/www.dekamuhendislik.com.tr\/resim\/pdf\/06%20-%20Genel_H%C3%BCk%C3%BCmler_Binalarin_Kullanim_ve_Tehlike_Siniflari(1).pdf\"><span class=\"w-btn-label\">Genel H\u00fck\u00fcmler, Binalar\u0131n Kullan\u0131m ve Tehlike S\u0131n\u0131flar\u0131<\/span><\/a><\/div><div class=\"w-btn-wrapper width_full\"><a class=\"w-btn us-btn-style_5\" href=\"https:\/\/www.dekamuhendislik.com.tr\/resim\/pdf\/08_Tarihi_Yapilar.pdf\"><span class=\"w-btn-label\">Tarihi Yap\u0131lar<\/span><\/a><\/div><div class=\"w-btn-wrapper width_full\"><a class=\"w-btn us-btn-style_5\" href=\"https:\/\/www.dekamuhendislik.com.tr\/resim\/pdf\/10_Yangin_Guvenligi_Sorum.pdf\"><span class=\"w-btn-label\">Yang\u0131n G\u00fcvenli\u011fi Sorumlulu\u011fu, Ekipler, E\u011fitim<\/span><\/a><\/div><\/div><\/div><\/div><\/div><\/div><\/section>\n","protected":false},"excerpt":{"rendered":"Y\u00f6netmelik Yang\u0131n S\u00f6nd\u00fcrme SistemleriBinalara \u0130li\u015fkin Genel Yang\u0131n G\u00fcvenli\u011fi H\u00fck\u00fcmleriElektrik Tesisat\u0131 ve SistemleriSon H\u00fck\u00fcmlerTehlikeli Maddelerin Depolanmas\u0131 ve Kullan\u0131lmas\u0131Bas\u0131n\u00e7l\u0131 Kaplar Y\u00f6netmelikBina B\u00f6l\u00fcmlerine ve Tesislerine \u0130li\u015fkin D\u00fczenlemelerDuman Kontrol SistemleriGenel H\u00fck\u00fcmler, Binalar\u0131n Kullan\u0131m ve Tehlike S\u0131n\u0131flar\u0131Tarihi Yap\u0131larYang\u0131n G\u00fcvenli\u011fi Sorumlulu\u011fu, Ekipler, E\u011fitim","protected":false},"author":1,"featured_media":9616,"parent":0,"menu_order":0,"comment_status":"closed","ping_status":"closed","template":"","meta":{"_monsterinsights_skip_tracking":false,"_monsterinsights_sitenote_active":false,"_monsterinsights_sitenote_note":"","_monsterinsights_sitenote_category":0,"footnotes":""},"class_list":["post-9618","page","type-page","status-publish","has-post-thumbnail","hentry"],"aioseo_notices":[],"_links":{"self":[{"href":"https:\/\/dekamuhendislik.com.tr\/en\/wp-json\/wp\/v2\/pages\/9618","targetHints":{"allow":["GET"]}}],"collection":[{"href":"https:\/\/dekamuhendislik.com.tr\/en\/wp-json\/wp\/v2\/pages"}],"about":[{"href":"https:\/\/dekamuhendislik.com.tr\/en\/wp-json\/wp\/v2\/types\/page"}],"author":[{"embeddable":true,"href":"https:\/\/dekamuhendislik.com.tr\/en\/wp-json\/wp\/v2\/users\/1"}],"replies":[{"embeddable":true,"href":"https:\/\/dekamuhendislik.com.tr\/en\/wp-json\/wp\/v2\/comments?post=9618"}],"version-history":[{"count":1,"href":"https:\/\/dekamuhendislik.com.tr\/en\/wp-json\/wp\/v2\/pages\/9618\/revisions"}],"predecessor-version":[{"id":9619,"href":"https:\/\/dekamuhendislik.com.tr\/en\/wp-json\/wp\/v2\/pages\/9618\/revisions\/9619"}],"wp:featuredmedia":[{"embeddable":true,"href":"https:\/\/dekamuhendislik.com.tr\/en\/wp-json\/wp\/v2\/media\/9616"}],"wp:attachment":[{"href":"https:\/\/dekamuhendislik.com.tr\/en\/wp-json\/wp\/v2\/media?parent=9618"}],"curies":[{"name":"wp","href":"https:\/\/api.w.org\/{rel}","templated":true}]}}