{"id":9401,"date":"2021-03-27T22:10:43","date_gmt":"2021-03-27T19:10:43","guid":{"rendered":"http:\/\/dekamuhendislik.com.tr\/kopuklu-yangin-dolabi\/"},"modified":"2021-03-28T23:14:39","modified_gmt":"2021-03-28T20:14:39","slug":"foam-cabinet","status":"publish","type":"page","link":"https:\/\/dekamuhendislik.com.tr\/en\/foam-cabinet\/","title":{"rendered":"Foam Cabinet"},"content":{"rendered":"<section class=\"l-section wpb_row height_custom\"><div class=\"l-section-h i-cf\"><div class=\"g-cols vc_row type_default valign_top\"><div class=\"vc_col-sm-12 wpb_column vc_column_container\"><div class=\"vc_column-inner\"><div class=\"wpb_wrapper\"><div class=\"wpb_text_column\" ><div class=\"wpb_wrapper\"><p>K\u00f6p\u00fck tanklar\u0131n\u0131n kullan\u0131ld\u0131\u011f\u0131 bir \u00fcr\u00fcn olmaktad\u0131r. Su bazl\u0131 yang\u0131n s\u00f6nd\u00fcrme i\u015fleminden farkl\u0131 olarak uygulanan sistem, binan\u0131n i\u00e7inde olu\u015fabilmesi muhtemel yang\u0131nlar\u0131n t\u00fcrlerine ba\u011fl\u0131 olarak su kaynakl\u0131 yang\u0131n s\u00f6nd\u00fcrme i\u015flemlerinden daha etkili olmaktad\u0131r.<br \/>\nAvantajlar\u0131 oldu\u011fu gibi baz\u0131 dezavantajlar\u0131da mevcutta bulunur. Su p\u00fcsk\u00fcrten yang\u0131n dolaplar\u0131, suyu \u015febekeden ald\u0131klar\u0131 i\u00e7in uzun s\u00fcreli bir m\u00fcdahale imk\u00e2n\u0131 sunar ama k\u00f6p\u00fckl\u00fc sistemler tanklar\u0131n boyutlar\u0131 ile s\u0131n\u0131rl\u0131 olarak m\u00fcdahale olana\u011f\u0131 sunar. Do\u011fru analiz edilmesi gerekli bir konu olup yetkili ki\u015filer \u00fcr\u00fcn\u00fc kullan\u0131m\u0131nda uygun buldu\u011fu m\u00fc\u015fterilerimiz i\u00e7in imkan sunmaktad\u0131r..<\/p>\n<\/div><\/div><\/div><\/div><\/div><\/div><\/div><\/section><section class=\"l-section wpb_row height_custom\"><div class=\"l-section-h i-cf\"><div class=\"g-cols vc_row type_default valign_top\"><div class=\"vc_col-sm-6 wpb_column vc_column_container\"><div class=\"vc_column-inner\"><div class=\"wpb_wrapper\"><div class=\"w-btn-wrapper width_full\"><a class=\"w-btn us-btn-style_5\" href=\"https:\/\/www.dekamuhendislik.com.tr\/resim\/pdf\/CABINET%20SET%20FOAM%20COMPLETE.pdf\"><span class=\"w-btn-label\">Cabinet Set Foam<\/span><\/a><\/div><\/div><\/div><\/div><div class=\"vc_col-sm-6 wpb_column vc_column_container\"><div class=\"vc_column-inner\"><div class=\"wpb_wrapper\"><\/div><\/div><\/div><\/div><\/div><\/section>\n","protected":false},"excerpt":{"rendered":"K\u00f6p\u00fck tanklar\u0131n\u0131n kullan\u0131ld\u0131\u011f\u0131 bir \u00fcr\u00fcn olmaktad\u0131r. Su bazl\u0131 yang\u0131n s\u00f6nd\u00fcrme i\u015fleminden farkl\u0131 olarak uygulanan sistem, binan\u0131n i\u00e7inde olu\u015fabilmesi muhtemel yang\u0131nlar\u0131n t\u00fcrlerine ba\u011fl\u0131 olarak su kaynakl\u0131 yang\u0131n s\u00f6nd\u00fcrme i\u015flemlerinden daha etkili olmaktad\u0131r. Avantajlar\u0131 oldu\u011fu gibi baz\u0131 dezavantajlar\u0131da mevcutta bulunur. Su p\u00fcsk\u00fcrten yang\u0131n dolaplar\u0131, suyu \u015febekeden ald\u0131klar\u0131 i\u00e7in uzun s\u00fcreli bir m\u00fcdahale imk\u00e2n\u0131 sunar ama k\u00f6p\u00fckl\u00fc sistemler...","protected":false},"author":1,"featured_media":8852,"parent":0,"menu_order":0,"comment_status":"closed","ping_status":"closed","template":"","meta":{"_monsterinsights_skip_tracking":false,"_monsterinsights_sitenote_active":false,"_monsterinsights_sitenote_note":"","_monsterinsights_sitenote_category":0,"footnotes":""},"class_list":["post-9401","page","type-page","status-publish","has-post-thumbnail","hentry"],"aioseo_notices":[],"_links":{"self":[{"href":"https:\/\/dekamuhendislik.com.tr\/en\/wp-json\/wp\/v2\/pages\/9401","targetHints":{"allow":["GET"]}}],"collection":[{"href":"https:\/\/dekamuhendislik.com.tr\/en\/wp-json\/wp\/v2\/pages"}],"about":[{"href":"https:\/\/dekamuhendislik.com.tr\/en\/wp-json\/wp\/v2\/types\/page"}],"author":[{"embeddable":true,"href":"https:\/\/dekamuhendislik.com.tr\/en\/wp-json\/wp\/v2\/users\/1"}],"replies":[{"embeddable":true,"href":"https:\/\/dekamuhendislik.com.tr\/en\/wp-json\/wp\/v2\/comments?post=9401"}],"version-history":[{"count":1,"href":"https:\/\/dekamuhendislik.com.tr\/en\/wp-json\/wp\/v2\/pages\/9401\/revisions"}],"predecessor-version":[{"id":9402,"href":"https:\/\/dekamuhendislik.com.tr\/en\/wp-json\/wp\/v2\/pages\/9401\/revisions\/9402"}],"wp:featuredmedia":[{"embeddable":true,"href":"https:\/\/dekamuhendislik.com.tr\/en\/wp-json\/wp\/v2\/media\/8852"}],"wp:attachment":[{"href":"https:\/\/dekamuhendislik.com.tr\/en\/wp-json\/wp\/v2\/media?parent=9401"}],"curies":[{"name":"wp","href":"https:\/\/api.w.org\/{rel}","templated":true}]}}