{"id":9331,"date":"2021-03-27T21:14:24","date_gmt":"2021-03-27T18:14:24","guid":{"rendered":"http:\/\/dekamuhendislik.com.tr\/cek-vana\/"},"modified":"2021-03-28T22:39:16","modified_gmt":"2021-03-28T19:39:16","slug":"check-valve","status":"publish","type":"page","link":"https:\/\/dekamuhendislik.com.tr\/en\/check-valve\/","title":{"rendered":"Check Valve"},"content":{"rendered":"<section class=\"l-section wpb_row height_custom\"><div class=\"l-section-h i-cf\"><div class=\"g-cols vc_row type_default valign_top\"><div class=\"vc_col-sm-12 wpb_column vc_column_container\"><div class=\"vc_column-inner\"><div class=\"wpb_wrapper\"><div class=\"wpb_text_column\" ><div class=\"wpb_wrapper\"><p>It is used in fire extinguishing systems to control the flow of water and prevent reverse flow.<\/p>\n<\/div><\/div><\/div><\/div><\/div><\/div><\/div><\/section><section class=\"l-section wpb_row height_custom\"><div class=\"l-section-h i-cf\"><div class=\"g-cols vc_row type_default valign_top\"><div class=\"vc_col-sm-6 wpb_column vc_column_container\"><div class=\"vc_column-inner\"><div class=\"wpb_wrapper\"><div class=\"w-btn-wrapper width_full\"><a class=\"w-btn us-btn-style_5\" href=\"https:\/\/www.dekamuhendislik.com.tr\/resim\/pdf\/Swing%20Check%20Valve.pdf\"><span class=\"w-btn-label\">HD \u00c7ek Vana<\/span><\/a><\/div><div class=\"w-btn-wrapper width_full\"><a class=\"w-btn us-btn-style_5\" href=\"https:\/\/www.dekamuhendislik.com.tr\/resim\/pdf\/Single%20Door%20Wafer%20Check%20Valve%20FIG.F0412.pdf\"><span class=\"w-btn-label\">Weflo Tek Klapeli \u00c7ek Vana<\/span><\/a><\/div><\/div><\/div><\/div><div class=\"vc_col-sm-6 wpb_column vc_column_container\"><div class=\"vc_column-inner\"><div class=\"wpb_wrapper\"><div class=\"w-btn-wrapper width_full\"><a class=\"w-btn us-btn-style_5\" href=\"https:\/\/www.dekamuhendislik.com.tr\/resim\/pdf\/Swing%20Check%20Valve%20FIG.F0311.pdf\"><span class=\"w-btn-label\">HD \u00c7ek Vana Weflo Swing \u00c7ek Vana<\/span><\/a><\/div><\/div><\/div><\/div><\/div><\/div><\/section>\n","protected":false},"excerpt":{"rendered":"It is used in fire extinguishing systems to control the flow of water and prevent reverse flow. HD \u00c7ek VanaWeflo Tek Klapeli \u00c7ek VanaHD \u00c7ek Vana Weflo Swing \u00c7ek Vana","protected":false},"author":1,"featured_media":8821,"parent":0,"menu_order":0,"comment_status":"closed","ping_status":"closed","template":"","meta":{"_monsterinsights_skip_tracking":false,"_monsterinsights_sitenote_active":false,"_monsterinsights_sitenote_note":"","_monsterinsights_sitenote_category":0,"footnotes":""},"class_list":["post-9331","page","type-page","status-publish","has-post-thumbnail","hentry"],"aioseo_notices":[],"_links":{"self":[{"href":"https:\/\/dekamuhendislik.com.tr\/en\/wp-json\/wp\/v2\/pages\/9331","targetHints":{"allow":["GET"]}}],"collection":[{"href":"https:\/\/dekamuhendislik.com.tr\/en\/wp-json\/wp\/v2\/pages"}],"about":[{"href":"https:\/\/dekamuhendislik.com.tr\/en\/wp-json\/wp\/v2\/types\/page"}],"author":[{"embeddable":true,"href":"https:\/\/dekamuhendislik.com.tr\/en\/wp-json\/wp\/v2\/users\/1"}],"replies":[{"embeddable":true,"href":"https:\/\/dekamuhendislik.com.tr\/en\/wp-json\/wp\/v2\/comments?post=9331"}],"version-history":[{"count":1,"href":"https:\/\/dekamuhendislik.com.tr\/en\/wp-json\/wp\/v2\/pages\/9331\/revisions"}],"predecessor-version":[{"id":9332,"href":"https:\/\/dekamuhendislik.com.tr\/en\/wp-json\/wp\/v2\/pages\/9331\/revisions\/9332"}],"wp:featuredmedia":[{"embeddable":true,"href":"https:\/\/dekamuhendislik.com.tr\/en\/wp-json\/wp\/v2\/media\/8821"}],"wp:attachment":[{"href":"https:\/\/dekamuhendislik.com.tr\/en\/wp-json\/wp\/v2\/media?parent=9331"}],"curies":[{"name":"wp","href":"https:\/\/api.w.org\/{rel}","templated":true}]}}