{"id":10026,"date":"2021-03-31T14:27:52","date_gmt":"2021-03-31T11:27:52","guid":{"rendered":"http:\/\/dekamuhendislik.com.tr\/referanslar\/"},"modified":"2021-03-31T16:34:30","modified_gmt":"2021-03-31T13:34:30","slug":"reference","status":"publish","type":"page","link":"https:\/\/dekamuhendislik.com.tr\/en\/reference\/","title":{"rendered":"Reference"},"content":{"rendered":"<section class=\"l-section wpb_row height_auto width_full\"><div class=\"l-section-h i-cf\"><div class=\"g-cols vc_row type_default valign_top\"><div class=\"vc_col-sm-12 wpb_column vc_column_container\"><div class=\"vc_column-inner\"><div class=\"wpb_wrapper\"><style data-type=\"us_custom-css\">.pages-title {\r\n    display: flex;\r\n    align-items: center;\r\n}<\/style><section class=\"l-section wpb_row us_custom_a387ea81 height_auto width_full pages-title\"><div class=\"l-section-h i-cf\"><div class=\"g-cols vc_row type_default valign_top\"><div class=\"vc_col-sm-12 wpb_column vc_column_container\"><div class=\"vc_column-inner\"><div class=\"wpb_wrapper\"><div class=\"w-hwrapper us_custom_ea15b364 align_justify valign_middle\"><h1 class=\"w-post-elm post_title us_custom_420697cc entry-title color_link_inherit\">Reference<\/h1><ol class=\"g-breadcrumbs us_custom_17e0ccaa separator_icon align_left has_text_color\" itemscope itemtype=\"http:\/\/schema.org\/BreadcrumbList\"><li class=\"g-breadcrumbs-item\" itemprop=\"itemListElement\" itemscope itemtype=\"http:\/\/schema.org\/ListItem\"><a itemprop=\"item\" href=\"https:\/\/dekamuhendislik.com.tr\/en\/\"><span itemprop=\"name\">Ana Sayfa<\/span><\/a><meta itemprop=\"position\" content=\"1\"\/><\/li><li class=\"g-breadcrumbs-separator\"><i class=\"far fa-angle-right\"><\/i><\/li><li class=\"g-breadcrumbs-item\">Pages<\/li><\/ol><\/div><\/div><\/div><\/div><\/div><\/div><\/section>\n<\/div><\/div><\/div><\/div><\/div><\/section><section class=\"l-section wpb_row height_custom\"><div class=\"l-section-h i-cf\"><div class=\"g-cols vc_row type_default valign_top\"><div class=\"vc_col-sm-12 wpb_column vc_column_container\"><div class=\"vc_column-inner\"><div class=\"wpb_wrapper\"><div class=\"w-grid type_grid layout_9855 cols_3 ratio_16x9\" id=\"us_grid_1\" data-grid-filter=\"false\"><style id=\"us_grid_1_css\">#us_grid_1 .w-grid-item{padding:10px}#us_grid_1 .w-grid-list{margin:-10px -10px 10px}.w-grid + #us_grid_1 .w-grid-list{margin-top:10px}@media (max-width:899px){#us_grid_1 .w-grid-item{width:50%}#us_grid_1 .w-grid-item.size_2x1,#us_grid_1 .w-grid-item.size_2x2{width:100%}}@media (max-width:599px){#us_grid_1 .w-grid-list{margin:0}#us_grid_1 .w-grid-item{width:100%;padding:0;margin-bottom:10px}}<\/style><style>.layout_9855 .w-grid-item-h:before{padding-bottom:56.2500%}@media (min-width:600px){.layout_9855 .w-grid-item.size_1x2 .w-grid-item-h:before{padding-bottom:calc(112.5% + 10px + 10px)}.layout_9855 .w-grid-item.size_2x1 .w-grid-item-h:before{padding-bottom:calc(28.125% - 10px * 0.5625)}.layout_9855 .w-grid-item.size_2x2 .w-grid-item-h:before{padding-bottom:calc(56.25% - 10px * -0.875)}}.layout_9855 .w-grid-item-h{background:#ffffff;color:#35415b}.layout_9855 .usg_post_image_1{transition-duration:0.4s;transform-origin:50% 50%;transform:scale(1) translate(0%,0%)}.layout_9855 .w-grid-item-h:hover .usg_post_image_1{transform:scale(1.20) translate(0%,0%);opacity:1}.layout_9855 .usg_vwrapper_1{transition-duration:0.3s;transform-origin:50% 50%;transform:scale(0) translate(0%,0%);opacity:0}.layout_9855 .w-grid-item-h:hover .usg_vwrapper_1{transform:scale(1) translate(0%,0%);opacity:0.95}.layout_9855 .usg_post_image_1{position:absolute!important;left:0!important;top:0!important;bottom:0!important;right:0!important;border:2px solid #0d2f62!important}.layout_9855 .usg_vwrapper_1{position:absolute!important;left:1.3rem!important;top:1.3rem!important;bottom:1.3rem!important;right:1.3rem!important;padding:1rem!important;background:inherit!important}.layout_9855 .usg_post_title_1{color:inherit!important;font-weight:500!important;font-size:16px!important;line-height:20px!important}.layout_9855 .usg_post_custom_field_1{max-width:100px!important;max-height:100px!important}.layout_9855 .usg_hwrapper_1{height:90px!important}<\/style><div class=\"w-grid-list\" ><article class=\"w-grid-item size_1x1 post-10007 referanslar type-referanslar status-publish has-post-thumbnail hentry\" data-id=\"10007\">\r\n\t<div class=\"w-grid-item-h\">\r\n\t\t\t\t<div class=\"w-post-elm post_image usg_post_image_1 stretched\"><img loading=\"lazy\" decoding=\"async\" width=\"700\" height=\"414\" src=\"https:\/\/dekamuhendislik.com.tr\/wp-content\/uploads\/2021\/03\/5644172.jpg\" class=\"attachment-large size-large wp-post-image\" alt=\"\" srcset=\"https:\/\/dekamuhendislik.com.tr\/wp-content\/uploads\/2021\/03\/5644172.jpg 700w, https:\/\/dekamuhendislik.com.tr\/wp-content\/uploads\/2021\/03\/5644172-300x177.jpg 300w\" sizes=\"auto, (max-width: 700px) 100vw, 700px\" \/><\/div><div class=\"w-vwrapper usg_vwrapper_1 align_center valign_top\"><div class=\"w-hwrapper usg_hwrapper_1 align_justify valign_middle\"><div class=\"w-post-elm post_custom_field usg_post_custom_field_1 type_image color_link_inherit\"><img loading=\"lazy\" decoding=\"async\" width=\"300\" height=\"150\" src=\"https:\/\/dekamuhendislik.com.tr\/wp-content\/uploads\/2021\/03\/4269579.jpg\" class=\"attachment-full size-full\" alt=\"\" \/><\/div><p class=\"w-post-elm post_title usg_post_title_1 entry-title color_link_inherit has_text_color\">Y\u0131ld\u0131z Saray\u0131<\/p><\/div><div class=\"w-post-elm post_content usg_post_content_1\"><p>Water Mist (Su Sisi) Yang\u0131n S\u00f6nd\u00fcrme Sistemleri<\/p>\n<\/div><\/div>\t<\/div>\r\n<\/article>\r\n<article class=\"w-grid-item size_1x1 post-10001 referanslar type-referanslar status-publish has-post-thumbnail hentry\" data-id=\"10001\">\r\n\t<div class=\"w-grid-item-h\">\r\n\t\t\t\t<div class=\"w-post-elm post_image usg_post_image_1 stretched\"><img loading=\"lazy\" decoding=\"async\" width=\"584\" height=\"346\" src=\"https:\/\/dekamuhendislik.com.tr\/wp-content\/uploads\/2021\/03\/238512.jpg\" class=\"attachment-large size-large wp-post-image\" alt=\"\" srcset=\"https:\/\/dekamuhendislik.com.tr\/wp-content\/uploads\/2021\/03\/238512.jpg 584w, https:\/\/dekamuhendislik.com.tr\/wp-content\/uploads\/2021\/03\/238512-300x178.jpg 300w\" sizes=\"auto, (max-width: 584px) 100vw, 584px\" \/><\/div><div class=\"w-vwrapper usg_vwrapper_1 align_center valign_top\"><div class=\"w-hwrapper usg_hwrapper_1 align_justify valign_middle\"><div class=\"w-post-elm post_custom_field usg_post_custom_field_1 type_image color_link_inherit\"><img loading=\"lazy\" decoding=\"async\" width=\"355\" height=\"219\" src=\"https:\/\/dekamuhendislik.com.tr\/wp-content\/uploads\/2021\/03\/4303474.jpg\" class=\"attachment-full size-full\" alt=\"\" srcset=\"https:\/\/dekamuhendislik.com.tr\/wp-content\/uploads\/2021\/03\/4303474.jpg 355w, https:\/\/dekamuhendislik.com.tr\/wp-content\/uploads\/2021\/03\/4303474-300x185.jpg 300w\" sizes=\"auto, (max-width: 355px) 100vw, 355px\" \/><\/div><p class=\"w-post-elm post_title usg_post_title_1 entry-title color_link_inherit has_text_color\">Socar T\u00fcrkiye<\/p><\/div><div class=\"w-post-elm post_content usg_post_content_1\"><p>Novec 1230 Gazl\u0131 S\u00f6nd\u00fcrme Sistemi<\/p>\n<\/div><\/div>\t<\/div>\r\n<\/article>\r\n<article class=\"w-grid-item size_1x1 post-9995 referanslar type-referanslar status-publish has-post-thumbnail hentry\" data-id=\"9995\">\r\n\t<div class=\"w-grid-item-h\">\r\n\t\t\t\t<div class=\"w-post-elm post_image usg_post_image_1 stretched\"><img loading=\"lazy\" decoding=\"async\" width=\"700\" height=\"414\" src=\"https:\/\/dekamuhendislik.com.tr\/wp-content\/uploads\/2021\/03\/4909166.jpg\" class=\"attachment-large size-large wp-post-image\" alt=\"\" srcset=\"https:\/\/dekamuhendislik.com.tr\/wp-content\/uploads\/2021\/03\/4909166.jpg 700w, https:\/\/dekamuhendislik.com.tr\/wp-content\/uploads\/2021\/03\/4909166-300x177.jpg 300w\" sizes=\"auto, (max-width: 700px) 100vw, 700px\" \/><\/div><div class=\"w-vwrapper usg_vwrapper_1 align_center valign_top\"><div class=\"w-hwrapper usg_hwrapper_1 align_justify valign_middle\"><div class=\"w-post-elm post_custom_field usg_post_custom_field_1 type_image color_link_inherit\"><img loading=\"lazy\" decoding=\"async\" width=\"300\" height=\"150\" src=\"https:\/\/dekamuhendislik.com.tr\/wp-content\/uploads\/2021\/03\/3461942.jpg\" class=\"attachment-full size-full\" alt=\"\" \/><\/div><p class=\"w-post-elm post_title usg_post_title_1 entry-title color_link_inherit has_text_color\">\u0130stanbul B\u00fcy\u00fck\u015fehir Belediyesi<\/p><\/div><div class=\"w-post-elm post_content usg_post_content_1\"><p>Argon Gazl\u0131 S\u00f6nd\u00fcrme Sistemleri<\/p>\n<\/div><\/div>\t<\/div>\r\n<\/article>\r\n<article class=\"w-grid-item size_1x1 post-9989 referanslar type-referanslar status-publish has-post-thumbnail hentry\" data-id=\"9989\">\r\n\t<div class=\"w-grid-item-h\">\r\n\t\t\t\t<div class=\"w-post-elm post_image usg_post_image_1 stretched\"><img loading=\"lazy\" decoding=\"async\" width=\"584\" height=\"346\" src=\"https:\/\/dekamuhendislik.com.tr\/wp-content\/uploads\/2021\/03\/1086453.jpg\" class=\"attachment-large size-large wp-post-image\" alt=\"\" srcset=\"https:\/\/dekamuhendislik.com.tr\/wp-content\/uploads\/2021\/03\/1086453.jpg 584w, https:\/\/dekamuhendislik.com.tr\/wp-content\/uploads\/2021\/03\/1086453-300x178.jpg 300w\" sizes=\"auto, (max-width: 584px) 100vw, 584px\" \/><\/div><div class=\"w-vwrapper usg_vwrapper_1 align_center valign_top\"><div class=\"w-hwrapper usg_hwrapper_1 align_justify valign_middle\"><div class=\"w-post-elm post_custom_field usg_post_custom_field_1 type_image color_link_inherit\"><img loading=\"lazy\" decoding=\"async\" width=\"300\" height=\"150\" src=\"https:\/\/dekamuhendislik.com.tr\/wp-content\/uploads\/2021\/03\/7967109.jpg\" class=\"attachment-full size-full\" alt=\"\" \/><\/div><p class=\"w-post-elm post_title usg_post_title_1 entry-title color_link_inherit has_text_color\">Petlas Lastik Fabrikas\u0131<\/p><\/div><div class=\"w-post-elm post_content usg_post_content_1\"><p>Dan\u0131\u015fmanl\u0131k Hizmetleri<\/p>\n<\/div><\/div>\t<\/div>\r\n<\/article>\r\n<article class=\"w-grid-item size_1x1 post-9983 referanslar type-referanslar status-publish has-post-thumbnail hentry\" data-id=\"9983\">\r\n\t<div class=\"w-grid-item-h\">\r\n\t\t\t\t<div class=\"w-post-elm post_image usg_post_image_1 stretched\"><img loading=\"lazy\" decoding=\"async\" width=\"700\" height=\"414\" src=\"https:\/\/dekamuhendislik.com.tr\/wp-content\/uploads\/2021\/03\/3306139.jpg\" class=\"attachment-large size-large wp-post-image\" alt=\"\" srcset=\"https:\/\/dekamuhendislik.com.tr\/wp-content\/uploads\/2021\/03\/3306139.jpg 700w, https:\/\/dekamuhendislik.com.tr\/wp-content\/uploads\/2021\/03\/3306139-300x177.jpg 300w\" sizes=\"auto, (max-width: 700px) 100vw, 700px\" \/><\/div><div class=\"w-vwrapper usg_vwrapper_1 align_center valign_top\"><div class=\"w-hwrapper usg_hwrapper_1 align_justify valign_middle\"><div class=\"w-post-elm post_custom_field usg_post_custom_field_1 type_image color_link_inherit\"><img loading=\"lazy\" decoding=\"async\" width=\"200\" height=\"200\" src=\"https:\/\/dekamuhendislik.com.tr\/wp-content\/uploads\/2021\/03\/4161201.jpg\" class=\"attachment-full size-full\" alt=\"\" srcset=\"https:\/\/dekamuhendislik.com.tr\/wp-content\/uploads\/2021\/03\/4161201.jpg 200w, https:\/\/dekamuhendislik.com.tr\/wp-content\/uploads\/2021\/03\/4161201-150x150.jpg 150w\" sizes=\"auto, (max-width: 200px) 100vw, 200px\" \/><\/div><p class=\"w-post-elm post_title usg_post_title_1 entry-title color_link_inherit has_text_color\">TEKFEN HOLD\u0130NG A.\u015e.<\/p><\/div><div class=\"w-post-elm post_content usg_post_content_1\"><p>FM 200 Gazl\u0131 S\u00f6nd\u00fcrme Sistemleri<\/p>\n<\/div><\/div>\t<\/div>\r\n<\/article>\r\n<article class=\"w-grid-item size_1x1 post-9977 referanslar type-referanslar status-publish has-post-thumbnail hentry\" data-id=\"9977\">\r\n\t<div class=\"w-grid-item-h\">\r\n\t\t\t\t<div class=\"w-post-elm post_image usg_post_image_1 stretched\"><img loading=\"lazy\" decoding=\"async\" width=\"700\" height=\"414\" src=\"https:\/\/dekamuhendislik.com.tr\/wp-content\/uploads\/2021\/03\/6430875.jpg\" class=\"attachment-large size-large wp-post-image\" alt=\"\" srcset=\"https:\/\/dekamuhendislik.com.tr\/wp-content\/uploads\/2021\/03\/6430875.jpg 700w, https:\/\/dekamuhendislik.com.tr\/wp-content\/uploads\/2021\/03\/6430875-300x177.jpg 300w\" sizes=\"auto, (max-width: 700px) 100vw, 700px\" \/><\/div><div class=\"w-vwrapper usg_vwrapper_1 align_center valign_top\"><div class=\"w-hwrapper usg_hwrapper_1 align_justify valign_middle\"><div class=\"w-post-elm post_custom_field usg_post_custom_field_1 type_image color_link_inherit\"><img loading=\"lazy\" decoding=\"async\" width=\"600\" height=\"600\" src=\"https:\/\/dekamuhendislik.com.tr\/wp-content\/uploads\/2021\/03\/4459846.jpg\" class=\"attachment-full size-full\" alt=\"\" srcset=\"https:\/\/dekamuhendislik.com.tr\/wp-content\/uploads\/2021\/03\/4459846.jpg 600w, https:\/\/dekamuhendislik.com.tr\/wp-content\/uploads\/2021\/03\/4459846-300x300.jpg 300w, https:\/\/dekamuhendislik.com.tr\/wp-content\/uploads\/2021\/03\/4459846-150x150.jpg 150w\" sizes=\"auto, (max-width: 600px) 100vw, 600px\" \/><\/div><p class=\"w-post-elm post_title usg_post_title_1 entry-title color_link_inherit has_text_color\">SANDOZ \u0130LA\u00c7 SANAY\u0130 ve T\u0130C. A.\u015e.<\/p><\/div><div class=\"w-post-elm post_content usg_post_content_1\"><p>FM 200 Gazl\u0131 S\u00f6nd\u00fcrme Sistemleri \/ \u0130nergen S\u00f6nd\u00fcrme Sistemleri<\/p>\n<\/div><\/div>\t<\/div>\r\n<\/article>\r\n<article class=\"w-grid-item size_1x1 post-9969 referanslar type-referanslar status-publish has-post-thumbnail hentry\" data-id=\"9969\">\r\n\t<div class=\"w-grid-item-h\">\r\n\t\t\t\t<div class=\"w-post-elm post_image usg_post_image_1 stretched\"><img loading=\"lazy\" decoding=\"async\" width=\"700\" height=\"414\" src=\"https:\/\/dekamuhendislik.com.tr\/wp-content\/uploads\/2021\/03\/9135627.jpg\" class=\"attachment-large size-large wp-post-image\" alt=\"\" srcset=\"https:\/\/dekamuhendislik.com.tr\/wp-content\/uploads\/2021\/03\/9135627.jpg 700w, https:\/\/dekamuhendislik.com.tr\/wp-content\/uploads\/2021\/03\/9135627-300x177.jpg 300w\" sizes=\"auto, (max-width: 700px) 100vw, 700px\" \/><\/div><div class=\"w-vwrapper usg_vwrapper_1 align_center valign_top\"><div class=\"w-hwrapper usg_hwrapper_1 align_justify valign_middle\"><div class=\"w-post-elm post_custom_field usg_post_custom_field_1 type_image color_link_inherit\"><img loading=\"lazy\" decoding=\"async\" width=\"569\" height=\"424\" src=\"https:\/\/dekamuhendislik.com.tr\/wp-content\/uploads\/2021\/03\/453454.jpg\" class=\"attachment-full size-full\" alt=\"\" srcset=\"https:\/\/dekamuhendislik.com.tr\/wp-content\/uploads\/2021\/03\/453454.jpg 569w, https:\/\/dekamuhendislik.com.tr\/wp-content\/uploads\/2021\/03\/453454-300x224.jpg 300w\" sizes=\"auto, (max-width: 569px) 100vw, 569px\" \/><\/div><p class=\"w-post-elm post_title usg_post_title_1 entry-title color_link_inherit has_text_color\">RENAULT MAISS A.\u015e.<\/p><\/div><div class=\"w-post-elm post_content usg_post_content_1\"><p>FM 200 Gazl\u0131 S\u00f6nd\u00fcrme Sistemleri<\/p>\n<\/div><\/div>\t<\/div>\r\n<\/article>\r\n<article class=\"w-grid-item size_1x1 post-9963 referanslar type-referanslar status-publish has-post-thumbnail hentry\" data-id=\"9963\">\r\n\t<div class=\"w-grid-item-h\">\r\n\t\t\t\t<div class=\"w-post-elm post_image usg_post_image_1 stretched\"><img loading=\"lazy\" decoding=\"async\" width=\"700\" height=\"414\" src=\"https:\/\/dekamuhendislik.com.tr\/wp-content\/uploads\/2021\/03\/3666308.jpg\" class=\"attachment-large size-large wp-post-image\" alt=\"\" srcset=\"https:\/\/dekamuhendislik.com.tr\/wp-content\/uploads\/2021\/03\/3666308.jpg 700w, https:\/\/dekamuhendislik.com.tr\/wp-content\/uploads\/2021\/03\/3666308-300x177.jpg 300w\" sizes=\"auto, (max-width: 700px) 100vw, 700px\" \/><\/div><div class=\"w-vwrapper usg_vwrapper_1 align_center valign_top\"><div class=\"w-hwrapper usg_hwrapper_1 align_justify valign_middle\"><div class=\"w-post-elm post_custom_field usg_post_custom_field_1 type_image color_link_inherit\"><img loading=\"lazy\" decoding=\"async\" width=\"638\" height=\"456\" src=\"https:\/\/dekamuhendislik.com.tr\/wp-content\/uploads\/2021\/03\/3607917.jpg\" class=\"attachment-full size-full\" alt=\"\" srcset=\"https:\/\/dekamuhendislik.com.tr\/wp-content\/uploads\/2021\/03\/3607917.jpg 638w, https:\/\/dekamuhendislik.com.tr\/wp-content\/uploads\/2021\/03\/3607917-300x214.jpg 300w\" sizes=\"auto, (max-width: 638px) 100vw, 638px\" \/><\/div><p class=\"w-post-elm post_title usg_post_title_1 entry-title color_link_inherit has_text_color\">Posco Assan<\/p><\/div><div class=\"w-post-elm post_content usg_post_content_1\"><p>Karbondioksitli S\u00f6nd\u00fcrme Sistemi<\/p>\n<\/div><\/div>\t<\/div>\r\n<\/article>\r\n<article class=\"w-grid-item size_1x1 post-9957 referanslar type-referanslar status-publish has-post-thumbnail hentry\" data-id=\"9957\">\r\n\t<div class=\"w-grid-item-h\">\r\n\t\t\t\t<div class=\"w-post-elm post_image usg_post_image_1 stretched\"><img loading=\"lazy\" decoding=\"async\" width=\"700\" height=\"414\" src=\"https:\/\/dekamuhendislik.com.tr\/wp-content\/uploads\/2021\/03\/6323493.jpg\" class=\"attachment-large size-large wp-post-image\" alt=\"\" srcset=\"https:\/\/dekamuhendislik.com.tr\/wp-content\/uploads\/2021\/03\/6323493.jpg 700w, https:\/\/dekamuhendislik.com.tr\/wp-content\/uploads\/2021\/03\/6323493-300x177.jpg 300w\" sizes=\"auto, (max-width: 700px) 100vw, 700px\" \/><\/div><div class=\"w-vwrapper usg_vwrapper_1 align_center valign_top\"><div class=\"w-hwrapper usg_hwrapper_1 align_justify valign_middle\"><div class=\"w-post-elm post_custom_field usg_post_custom_field_1 type_image color_link_inherit\"><img loading=\"lazy\" decoding=\"async\" width=\"225\" height=\"200\" src=\"https:\/\/dekamuhendislik.com.tr\/wp-content\/uploads\/2021\/03\/13923.jpg\" class=\"attachment-full size-full\" alt=\"\" \/><\/div><p class=\"w-post-elm post_title usg_post_title_1 entry-title color_link_inherit has_text_color\">MASPO ENERJ\u0130 SAN. ve T\u0130C. A.\u015e.<\/p><\/div><div class=\"w-post-elm post_content usg_post_content_1\"><p>Sprinkler Sistemleri \/ FM 200 Gazl\u0131 S\u00f6nd\u00fcrme Sistemleri \/ Yang\u0131n Alg\u0131lama ve \u0130hbar Sistemleri<\/p>\n<\/div><\/div>\t<\/div>\r\n<\/article>\r\n<article class=\"w-grid-item size_1x1 post-9949 referanslar type-referanslar status-publish has-post-thumbnail hentry\" data-id=\"9949\">\r\n\t<div class=\"w-grid-item-h\">\r\n\t\t\t\t<div class=\"w-post-elm post_image usg_post_image_1 stretched\"><img loading=\"lazy\" decoding=\"async\" width=\"700\" height=\"414\" src=\"https:\/\/dekamuhendislik.com.tr\/wp-content\/uploads\/2021\/03\/1081611.jpg\" class=\"attachment-large size-large wp-post-image\" alt=\"\" srcset=\"https:\/\/dekamuhendislik.com.tr\/wp-content\/uploads\/2021\/03\/1081611.jpg 700w, https:\/\/dekamuhendislik.com.tr\/wp-content\/uploads\/2021\/03\/1081611-300x177.jpg 300w\" sizes=\"auto, (max-width: 700px) 100vw, 700px\" \/><\/div><div class=\"w-vwrapper usg_vwrapper_1 align_center valign_top\"><div class=\"w-hwrapper usg_hwrapper_1 align_justify valign_middle\"><div class=\"w-post-elm post_custom_field usg_post_custom_field_1 type_image color_link_inherit\"><img loading=\"lazy\" decoding=\"async\" width=\"425\" height=\"425\" src=\"https:\/\/dekamuhendislik.com.tr\/wp-content\/uploads\/2021\/03\/4642280.jpg\" class=\"attachment-full size-full\" alt=\"\" srcset=\"https:\/\/dekamuhendislik.com.tr\/wp-content\/uploads\/2021\/03\/4642280.jpg 425w, https:\/\/dekamuhendislik.com.tr\/wp-content\/uploads\/2021\/03\/4642280-300x300.jpg 300w, https:\/\/dekamuhendislik.com.tr\/wp-content\/uploads\/2021\/03\/4642280-150x150.jpg 150w\" sizes=\"auto, (max-width: 425px) 100vw, 425px\" \/><\/div><p class=\"w-post-elm post_title usg_post_title_1 entry-title color_link_inherit has_text_color\">KUTAY KUTU &#8211; ANKUTSAN \u00c7ERKEZK\u00d6Y<\/p><\/div><div class=\"w-post-elm post_content usg_post_content_1\"><p>Sprinkler Sistemleri\/ Yang\u0131n Alg\u0131lama ve \u0130hbar Sistemleri<\/p>\n<\/div><\/div>\t<\/div>\r\n<\/article>\r\n<article class=\"w-grid-item size_1x1 post-9943 referanslar type-referanslar status-publish has-post-thumbnail hentry\" data-id=\"9943\">\r\n\t<div class=\"w-grid-item-h\">\r\n\t\t\t\t<div class=\"w-post-elm post_image usg_post_image_1 stretched\"><img loading=\"lazy\" decoding=\"async\" width=\"700\" height=\"414\" src=\"https:\/\/dekamuhendislik.com.tr\/wp-content\/uploads\/2021\/03\/8271878.jpg\" class=\"attachment-large size-large wp-post-image\" alt=\"\" srcset=\"https:\/\/dekamuhendislik.com.tr\/wp-content\/uploads\/2021\/03\/8271878.jpg 700w, https:\/\/dekamuhendislik.com.tr\/wp-content\/uploads\/2021\/03\/8271878-300x177.jpg 300w\" sizes=\"auto, (max-width: 700px) 100vw, 700px\" \/><\/div><div class=\"w-vwrapper usg_vwrapper_1 align_center valign_top\"><div class=\"w-hwrapper usg_hwrapper_1 align_justify valign_middle\"><div class=\"w-post-elm post_custom_field usg_post_custom_field_1 type_image color_link_inherit\"><img loading=\"lazy\" decoding=\"async\" width=\"251\" height=\"201\" src=\"https:\/\/dekamuhendislik.com.tr\/wp-content\/uploads\/2021\/03\/6417772.jpg\" class=\"attachment-full size-full\" alt=\"\" \/><\/div><p class=\"w-post-elm post_title usg_post_title_1 entry-title color_link_inherit has_text_color\">KONYA \u00c7\u0130MENTO SAN.  A.\u015e.<\/p><\/div><div class=\"w-post-elm post_content usg_post_content_1\"><p>Sprinkler Sistemleri \/ K\u00f6p\u00fckl\u00fc S\u00f6nd\u00fcrme Sistemleri<\/p>\n<\/div><\/div>\t<\/div>\r\n<\/article>\r\n<article class=\"w-grid-item size_1x1 post-9937 referanslar type-referanslar status-publish has-post-thumbnail hentry\" data-id=\"9937\">\r\n\t<div class=\"w-grid-item-h\">\r\n\t\t\t\t<div class=\"w-post-elm post_image usg_post_image_1 stretched\"><img loading=\"lazy\" decoding=\"async\" width=\"700\" height=\"414\" src=\"https:\/\/dekamuhendislik.com.tr\/wp-content\/uploads\/2021\/03\/4441047.jpg\" class=\"attachment-large size-large wp-post-image\" alt=\"\" srcset=\"https:\/\/dekamuhendislik.com.tr\/wp-content\/uploads\/2021\/03\/4441047.jpg 700w, https:\/\/dekamuhendislik.com.tr\/wp-content\/uploads\/2021\/03\/4441047-300x177.jpg 300w\" sizes=\"auto, (max-width: 700px) 100vw, 700px\" \/><\/div><div class=\"w-vwrapper usg_vwrapper_1 align_center valign_top\"><div class=\"w-hwrapper usg_hwrapper_1 align_justify valign_middle\"><div class=\"w-post-elm post_custom_field usg_post_custom_field_1 type_image color_link_inherit\"><img loading=\"lazy\" decoding=\"async\" width=\"130\" height=\"100\" src=\"https:\/\/dekamuhendislik.com.tr\/wp-content\/uploads\/2021\/03\/5930142.jpg\" class=\"attachment-full size-full\" alt=\"\" \/><\/div><p class=\"w-post-elm post_title usg_post_title_1 entry-title color_link_inherit has_text_color\">\u0130ZZET BAYSAL DEVLET HASTANES\u0130<\/p><\/div><div class=\"w-post-elm post_content usg_post_content_1\"><p>Yang\u0131n Alg\u0131lama ve \u0130hbar Sistemleri<\/p>\n<\/div><\/div>\t<\/div>\r\n<\/article>\r\n<\/div><div class=\"w-grid-preloader\"><div class=\"g-preloader type_1\">\r\n\t<div><\/div>\r\n<\/div>\r\n<\/div>\t\t<div class=\"g-loadmore \">\r\n\t\t\t<div class=\"g-preloader type_1\">\r\n\t\t\t\t<div><\/div>\r\n\t\t\t<\/div>\r\n\t\t\t<a class=\"w-btn us-btn-style_1\" href=\"javascript:void(0)\">\r\n\t\t\t\t<span class=\"w-btn-label\">Display More<\/span>\r\n\t\t\t<\/a>\r\n\t\t<\/div>\r\n\t\t\t<div class=\"w-grid-json hidden\" onclick='return {&quot;action&quot;:&quot;us_ajax_grid&quot;,&quot;ajax_url&quot;:&quot;https:\\\/\\\/dekamuhendislik.com.tr\\\/wp-admin\\\/admin-ajax.php&quot;,&quot;infinite_scroll&quot;:0,&quot;max_num_pages&quot;:3,&quot;pagination&quot;:&quot;ajax&quot;,&quot;permalink_url&quot;:&quot;https:\\\/\\\/dekamuhendislik.com.tr\\\/en\\\/wp-json\\\/wp\\\/v2\\\/pages\\\/10026\\\/&quot;,&quot;template_vars&quot;:{&quot;columns&quot;:&quot;3&quot;,&quot;exclude_items&quot;:&quot;none&quot;,&quot;img_size&quot;:&quot;default&quot;,&quot;ignore_items_size&quot;:false,&quot;items_layout&quot;:&quot;9855&quot;,&quot;items_offset&quot;:&quot;1&quot;,&quot;overriding_link&quot;:&quot;none&quot;,&quot;post_id&quot;:10026,&quot;query_args&quot;:{&quot;post_type&quot;:[&quot;referanslar&quot;],&quot;post_status&quot;:[&quot;publish&quot;],&quot;orderby&quot;:{&quot;date&quot;:&quot;DESC&quot;},&quot;posts_per_page&quot;:&quot;12&quot;},&quot;type&quot;:&quot;grid&quot;,&quot;us_grid_ajax_index&quot;:1,&quot;us_grid_filter_params&quot;:null,&quot;us_grid_index&quot;:1,&quot;_us_grid_post_type&quot;:&quot;referanslar&quot;,&quot;lang&quot;:&quot;en&quot;}}'><\/div>\r\n<\/div><\/div><\/div><\/div><\/div><\/div><\/section>\n","protected":false},"excerpt":{"rendered":"Yang\u0131n Alg\u0131lama ve \u0130hbar Sistemleri","protected":false},"author":1,"featured_media":0,"parent":0,"menu_order":0,"comment_status":"closed","ping_status":"closed","template":"","meta":{"_monsterinsights_skip_tracking":false,"_monsterinsights_sitenote_active":false,"_monsterinsights_sitenote_note":"","_monsterinsights_sitenote_category":0,"footnotes":""},"class_list":["post-10026","page","type-page","status-publish","hentry"],"aioseo_notices":[],"_links":{"self":[{"href":"https:\/\/dekamuhendislik.com.tr\/en\/wp-json\/wp\/v2\/pages\/10026","targetHints":{"allow":["GET"]}}],"collection":[{"href":"https:\/\/dekamuhendislik.com.tr\/en\/wp-json\/wp\/v2\/pages"}],"about":[{"href":"https:\/\/dekamuhendislik.com.tr\/en\/wp-json\/wp\/v2\/types\/page"}],"author":[{"embeddable":true,"href":"https:\/\/dekamuhendislik.com.tr\/en\/wp-json\/wp\/v2\/users\/1"}],"replies":[{"embeddable":true,"href":"https:\/\/dekamuhendislik.com.tr\/en\/wp-json\/wp\/v2\/comments?post=10026"}],"version-history":[{"count":1,"href":"https:\/\/dekamuhendislik.com.tr\/en\/wp-json\/wp\/v2\/pages\/10026\/revisions"}],"predecessor-version":[{"id":10027,"href":"https:\/\/dekamuhendislik.com.tr\/en\/wp-json\/wp\/v2\/pages\/10026\/revisions\/10027"}],"wp:attachment":[{"href":"https:\/\/dekamuhendislik.com.tr\/en\/wp-json\/wp\/v2\/media?parent=10026"}],"curies":[{"name":"wp","href":"https:\/\/api.w.org\/{rel}","templated":true}]}}